{"id":80140,"date":"2020-02-02T11:16:48","date_gmt":"2020-02-02T11:16:48","guid":{"rendered":"http:\/\/cotca.com\/ca\/quienes-somos\/"},"modified":"2020-06-01T06:33:00","modified_gmt":"2020-06-01T06:33:00","slug":"quienes-somos","status":"publish","type":"page","link":"https:\/\/cotca.com\/ca\/quienes-somos\/","title":{"rendered":"Qui som"},"content":{"rendered":"<p>[vc_row row_height_percent=&#8221;0&#8243; override_padding=&#8221;yes&#8221; h_padding=&#8221;2&#8243; top_padding=&#8221;5&#8243; bottom_padding=&#8221;3&#8243; overlay_alpha=&#8221;0&#8243; gutter_size=&#8221;100&#8243; column_width_percent=&#8221;100&#8243; shift_y=&#8221;0&#8243; z_index=&#8221;0&#8243; enable_top_divider=&#8221;default&#8221; top_divider=&#8221;step&#8221; shape_top_h_use_pixel=&#8221;&#8221; shape_top_height=&#8221;5&#8243; shape_top_color=&#8221;color-vyce&#8221; shape_top_opacity=&#8221;100&#8243; shape_top_index=&#8221;0&#8243; style=&#8221;inherited&#8221;][vc_column column_width_percent=&#8221;100&#8243; align_horizontal=&#8221;align_center&#8221; overlay_alpha=&#8221;100&#8243; gutter_size=&#8221;4&#8243; medium_width=&#8221;0&#8243; shift_x=&#8221;0&#8243; shift_y=&#8221;0&#8243; z_index=&#8221;0&#8243; zoom_width=&#8221;0&#8243; zoom_height=&#8221;0&#8243; width=&#8221;1\/1&#8243;][vc_row_inner row_inner_height_percent=&#8221;0&#8243; overlay_alpha=&#8221;100&#8243; gutter_size=&#8221;3&#8243; shift_y=&#8221;0&#8243;][vc_column_inner column_width_use_pixel=&#8221;yes&#8221; align_horizontal=&#8221;align_center&#8221; gutter_size=&#8221;3&#8243; overlay_alpha=&#8221;100&#8243; medium_width=&#8221;0&#8243; mobile_width=&#8221;0&#8243; shift_x=&#8221;0&#8243; shift_y=&#8221;0&#8243; shift_y_down=&#8221;0&#8243; z_index=&#8221;0&#8243; zoom_width=&#8221;0&#8243; zoom_height=&#8221;0&#8243; mobile_width_full=&#8221;&#8221; width=&#8221;1\/1&#8243; column_width_pixel=&#8221;900&#8243;][vc_custom_heading text_size=&#8221;h1&#8243; text_space=&#8221;fontspace-781688&#8243; text_font=&#8221;font-329340&#8243; text_weight=&#8221;500&#8243; text_transform=&#8221;uppercase&#8221; text_color=&#8221;color-vyce&#8221; separator=&#8221;yes&#8221; separator_color=&#8221;yes&#8221; separator_double=&#8221;yes&#8221; sub_lead=&#8221;yes&#8221; sub_reduced=&#8221;yes&#8221; css_animation=&#8221;bottom-t-top&#8221; text_align=&#8221;text-center&#8221; text_serif=&#8221;&#8221; subheading=&#8221;Un equip que permet donar als nostres serveis <strong>un alt nivell de rigor i precisi\u00f3.<\/strong><br \/>\nUna visi\u00f3 global que garanteix la <strong>viabilitat de les nostres solucions des de qualsevol de les nostres \u00e0rees d\u2019activitat.<\/strong>&#8220;]COTCA, UN EQUIP DE T\u00c8CNICS ESPECIALITZATS[\/vc_custom_heading][\/vc_column_inner][\/vc_row_inner][\/vc_column][\/vc_row][vc_row row_height_percent=&#8221;40&#8243; back_color=&#8221;color-wayh&#8221; back_image=&#8221;79162&#8243; parallax=&#8221;yes&#8221; overlay_alpha=&#8221;0&#8243; gutter_size=&#8221;3&#8243; column_width_percent=&#8221;100&#8243; shift_y=&#8221;0&#8243; z_index=&#8221;0&#8243;][vc_column column_width_percent=&#8221;100&#8243; overlay_alpha=&#8221;0&#8243; gutter_size=&#8221;3&#8243; medium_width=&#8221;0&#8243; mobile_width=&#8221;0&#8243; shift_x=&#8221;0&#8243; shift_y=&#8221;0&#8243; shift_y_down=&#8221;0&#8243; z_index=&#8221;0&#8243; width=&#8221;1\/1&#8243; mobile_height=&#8221;340&#8243;][\/vc_column][\/vc_row][vc_row row_height_percent=&#8221;0&#8243; override_padding=&#8221;yes&#8221; h_padding=&#8221;3&#8243; top_padding=&#8221;2&#8243; bottom_padding=&#8221;3&#8243; overlay_alpha=&#8221;50&#8243; gutter_size=&#8221;3&#8243; column_width_use_pixel=&#8221;yes&#8221; shift_y=&#8221;0&#8243; z_index=&#8221;2&#8243;][vc_column column_width_percent=&#8221;100&#8243; align_horizontal=&#8221;align_center&#8221; override_padding=&#8221;yes&#8221; column_padding=&#8221;3&#8243; style=&#8221;dark&#8221; back_color=&#8221;color-jevc&#8221; overlay_alpha=&#8221;50&#8243; gutter_size=&#8221;3&#8243; medium_width=&#8221;0&#8243; mobile_width=&#8221;0&#8243; shift_x=&#8221;0&#8243; shift_y=&#8221;-5&#8243; shift_y_fixed=&#8221;yes&#8221; shift_y_down=&#8221;0&#8243; z_index=&#8221;0&#8243; shadow=&#8221;sm&#8221; radius=&#8221;std&#8221; width=&#8221;1\/1&#8243;][vc_custom_heading heading_semantic=&#8221;h6&#8243; text_size=&#8221;fontsize-160000&#8243; text_space=&#8221;fontspace-135905&#8243; text_transform=&#8221;uppercase&#8221;]Equip t\u00e8cnic[\/vc_custom_heading][vc_separator][vc_row_inner row_inner_height_percent=&#8221;0&#8243; overlay_alpha=&#8221;50&#8243; gutter_size=&#8221;4&#8243; shift_y=&#8221;0&#8243; z_index=&#8221;0&#8243;][vc_column_inner column_width_percent=&#8221;100&#8243; align_horizontal=&#8221;align_right&#8221; style=&#8221;dark&#8221; gutter_size=&#8221;3&#8243; overlay_alpha=&#8221;50&#8243; align_medium=&#8221;align_center_tablet&#8221; medium_width=&#8221;0&#8243; align_mobile=&#8221;align_center_mobile&#8221; mobile_width=&#8221;0&#8243; shift_x=&#8221;0&#8243; shift_y=&#8221;0&#8243; shift_y_down=&#8221;0&#8243; z_index=&#8221;0&#8243; width=&#8221;1\/2&#8243;][vc_custom_heading heading_semantic=&#8221;h3&#8243; text_size=&#8221;fontsize-155944&#8243; text_font=&#8221;font-329340&#8243; text_weight=&#8221;200&#8243; text_transform=&#8221;uppercase&#8221; text_color=&#8221;color-vyce&#8221; separator=&#8221;yes&#8221; separator_color=&#8221;yes&#8221; subheading=&#8221;Un equip que permet donar als nostres serveis un alt nivell de rigor i precisi\u00f3. Una visi\u00f3 global que garanteix la viabilitat de les nostres solucions des de qualsevol de les nostres \u00e0rees d\u2019activitat.&#8221;]UN GRUP MULTIDISCIPLINAR DE T\u00c8CNICS ESPECIALITZATS[\/vc_custom_heading][\/vc_column_inner][vc_column_inner column_width_percent=&#8221;100&#8243; style=&#8221;dark&#8221; gutter_size=&#8221;3&#8243; overlay_alpha=&#8221;50&#8243; align_medium=&#8221;align_center_tablet&#8221; medium_width=&#8221;0&#8243; align_mobile=&#8221;align_center_mobile&#8221; mobile_width=&#8221;0&#8243; shift_x=&#8221;0&#8243; shift_y=&#8221;0&#8243; shift_y_down=&#8221;0&#8243; z_index=&#8221;0&#8243; width=&#8221;1\/2&#8243;][vc_column_text text_lead=&#8221;yes&#8221;]L\u2019exig\u00e8ncia de capacitat i qualificaci\u00f3 dels nostres t\u00e8cnics fa que participin activament i sovint en congressos, cursos de postgrau, projectes d\u2019investigaci\u00f3 i pon\u00e8ncies tant nacionals com internacionals. Aquesta participaci\u00f3 ens avala la seva cont\u00ednua formaci\u00f3 en el que a noves normatives i tecnologies es refereix.<\/p>\n<p>Aix\u00ed mateix, la traject\u00f2ria i experi\u00e8ncia professional dels nostres t\u00e8cnics \u00e9s de reconegut prestigi en el sector, aportant un important valor afegit a tots els nostres serveis.[\/vc_column_text][\/vc_column_inner][\/vc_row_inner][\/vc_column][\/vc_row][vc_row row_height_percent=&#8221;0&#8243; override_padding=&#8221;yes&#8221; h_padding=&#8221;2&#8243; top_padding=&#8221;2&#8243; bottom_padding=&#8221;5&#8243; overlay_alpha=&#8221;100&#8243; gutter_size=&#8221;100&#8243; column_width_percent=&#8221;100&#8243; shift_y=&#8221;0&#8243; z_index=&#8221;0&#8243; style=&#8221;inherited&#8221;][vc_column column_width_percent=&#8221;100&#8243; align_horizontal=&#8221;align_center&#8221; overlay_alpha=&#8221;50&#8243; gutter_size=&#8221;3&#8243; medium_width=&#8221;0&#8243; mobile_width=&#8221;0&#8243; shift_x=&#8221;0&#8243; shift_y=&#8221;0&#8243; shift_y_down=&#8221;0&#8243; z_index=&#8221;0&#8243; width=&#8221;1\/1&#8243;][vc_gallery el_id=&#8221;gallery-31846&#8243; isotope_mode=&#8221;fitRows&#8221; medias=&#8221;80326,80316,80324,80322,80320,80318&#8243; gutter_size=&#8221;3&#8243; media_items=&#8221;media|nolink|original,title,caption,description,sep-one|full,team-social&#8221; screen_lg=&#8221;1000&#8243; screen_md=&#8221;600&#8243; screen_sm=&#8221;480&#8243; single_text=&#8221;under&#8221; images_size=&#8221;four-three&#8221; single_overlay_color=&#8221;color-jevc&#8221; single_overlay_opacity=&#8221;10&#8243; single_text_anim=&#8221;no&#8221; single_overlay_visible=&#8221;yes&#8221; single_overlay_anim=&#8221;no&#8221; single_image_coloration=&#8221;desaturated&#8221; single_image_anim=&#8221;no&#8221; single_h_align=&#8221;center&#8221; single_padding=&#8221;1&#8243; single_title_dimension=&#8221;h6&#8243; single_border=&#8221;yes&#8221; carousel_rtl=&#8221;&#8221; single_half_padding=&#8221;yes&#8221; single_title_uppercase=&#8221;&#8221; single_title_serif=&#8221;&#8221; single_no_background=&#8221;yes&#8221; items=&#8221;eyIxMzc2M19pIjp7InNpbmdsZV9saW5rIjoidXJsOmh0dHAlM0ElMkYlMkZ3d3cudW5kc2duLmNvbXx8dGFyZ2V0OiUyMF9ibGFuayJ9LCIxMzc2OV9pIjp7InNpbmdsZV9saW5rIjoidXJsOmh0dHAlM0ElMkYlMkZ3d3cudW5kc2duLmNvbXx8dGFyZ2V0OiUyMF9ibGFuayJ9LCIxMzc3MF9pIjp7InNpbmdsZV9saW5rIjoidXJsOmh0dHAlM0ElMkYlMkZ3d3cudW5kc2duLmNvbXx8dGFyZ2V0OiUyMF9ibGFuayJ9LCIxMzc2Nl9pIjp7InNpbmdsZV9saW5rIjoidXJsOmh0dHAlM0ElMkYlMkZ3d3cudW5kc2duLmNvbXx8dGFyZ2V0OiUyMF9ibGFuayJ9fQ==&#8221;][\/vc_column][\/vc_row][vc_row row_height_percent=&#8221;0&#8243; override_padding=&#8221;yes&#8221; h_padding=&#8221;2&#8243; top_padding=&#8221;0&#8243; bottom_padding=&#8221;5&#8243; overlay_alpha=&#8221;50&#8243; gutter_size=&#8221;3&#8243; column_width_percent=&#8221;100&#8243; shift_y=&#8221;0&#8243; z_index=&#8221;0&#8243;][vc_column width=&#8221;1\/1&#8243;][vc_row_inner][vc_column_inner width=&#8221;1\/2&#8243;][vc_custom_heading heading_semantic=&#8221;h3&#8243; text_size=&#8221;h1&#8243; text_font=&#8221;font-329340&#8243; text_weight=&#8221;200&#8243; text_transform=&#8221;uppercase&#8221; text_color=&#8221;accent&#8221;]Organigrama[\/vc_custom_heading][\/vc_column_inner][vc_column_inner column_width_percent=&#8221;100&#8243; gutter_size=&#8221;3&#8243; overlay_alpha=&#8221;50&#8243; medium_visibility=&#8221;yes&#8221; medium_width=&#8221;0&#8243; mobile_visibility=&#8221;yes&#8221; mobile_width=&#8221;0&#8243; shift_x=&#8221;0&#8243; shift_y=&#8221;0&#8243; shift_y_down=&#8221;0&#8243; z_index=&#8221;0&#8243; width=&#8221;1\/2&#8243;][\/vc_column_inner][\/vc_row_inner][vc_row_inner][vc_column_inner width=&#8221;1\/2&#8243;][vc_column_text]<strong>COTCA<\/strong> est\u00e0 formada, a m\u00e9s del suport administratiu i financer, per:<\/p>\n<ul>\n<li>Enginyers de Camins, Canals i Ports<\/li>\n<li>Enginyers Industrials<\/li>\n<li>Enginyers Civils<\/li>\n<li>Arquitectes<\/li>\n<li>Arquitectes T\u00e8cnics i Enginyers d\u2019Edificaci\u00f3<\/li>\n<li>Delineants<\/li>\n<\/ul>\n<p>L\u2019equip t\u00e8cnic es distribueix en <strong>quatre departaments que funcionen de forma independent<\/strong> tant en el que es refereix a metodologia com a organitzaci\u00f3, adaptant-se al m\u00e0xim a la tipologia de treball que desenvolupen.[\/vc_column_text][\/vc_column_inner][vc_column_inner width=&#8221;1\/2&#8243;][vc_column_text]Cadascun dels departaments est\u00e0 supervisat per un responsable d\u2019\u00e0rea que, a la vegada, estan dirigits per <strong>Vicente Alegre Heitzmann<\/strong>, administrador i gerent de la companyia.<\/p>\n<p>Amb aquesta estructuraci\u00f3 de la plantilla fomentem l\u2019especialitzaci\u00f3 dels nostres t\u00e8cnics i, al mateix temps, la col\u00b7laboraci\u00f3 dels diferents departaments en la realitzaci\u00f3 dels nostres treballs.<\/p>\n<p>D\u2019aquesta forma podem oferir als nostres clients solucions integrals de control, comptant amb la capacitat t\u00e8cnica i l\u2019experi\u00e8ncia professional necess\u00e0ries per a garantir la seva qualitat.[\/vc_column_text][\/vc_column_inner][\/vc_row_inner][\/vc_column][\/vc_row][vc_row row_height_percent=&#8221;0&#8243; override_padding=&#8221;yes&#8221; h_padding=&#8221;2&#8243; top_padding=&#8221;2&#8243; bottom_padding=&#8221;5&#8243; overlay_alpha=&#8221;100&#8243; gutter_size=&#8221;100&#8243; column_width_percent=&#8221;100&#8243; shift_y=&#8221;0&#8243; z_index=&#8221;0&#8243; style=&#8221;inherited&#8221;][vc_column column_width_percent=&#8221;100&#8243; align_horizontal=&#8221;align_center&#8221; overlay_alpha=&#8221;50&#8243; gutter_size=&#8221;3&#8243; medium_width=&#8221;0&#8243; mobile_width=&#8221;0&#8243; shift_x=&#8221;0&#8243; shift_y=&#8221;0&#8243; shift_y_down=&#8221;0&#8243; z_index=&#8221;0&#8243; width=&#8221;1\/1&#8243;][vc_single_image media=&#8221;80146&#8243; media_width_percent=&#8221;100&#8243; alignment=&#8221;center&#8221;][\/vc_column][\/vc_row]<\/p>\n","protected":false},"excerpt":{"rendered":"<p>[vc_row row_height_percent=&#8221;0&#8243; override_padding=&#8221;yes&#8221; h_padding=&#8221;2&#8243; top_padding=&#8221;5&#8243; bottom_padding=&#8221;3&#8243; overlay_alpha=&#8221;0&#8243; gutter_size=&#8221;100&#8243; column_width_percent=&#8221;100&#8243; shift_y=&#8221;0&#8243; z_index=&#8221;0&#8243; enable_top_divider=&#8221;default&#8221; top_divider=&#8221;step&#8221; shape_top_h_use_pixel=&#8221;&#8221; shape_top_height=&#8221;5&#8243; shape_top_color=&#8221;color-vyce&#8221; shape_top_opacity=&#8221;100&#8243; shape_top_index=&#8221;0&#8243; style=&#8221;inherited&#8221;][vc_column column_width_percent=&#8221;100&#8243; [&hellip;]<\/p>\n","protected":false},"author":1,"featured_media":80453,"parent":0,"menu_order":0,"comment_status":"closed","ping_status":"closed","template":"","meta":{"footnotes":""},"class_list":["post-80140","page","type-page","status-publish","has-post-thumbnail","hentry"],"yoast_head":"<!-- This site is optimized with the Yoast SEO plugin v27.2 - https:\/\/yoast.com\/product\/yoast-seo-wordpress\/ -->\n<title>Cotca - Qui som<\/title>\n<meta name=\"description\" content=\"Control d&#039;obres des del projecte fins a l&#039;assist\u00e8ncia t\u00e8cnica en la diagnosi i rehabilitaci\u00f3 d&#039;edificacions o infraestructures acabades.\" \/>\n<meta name=\"robots\" content=\"index, follow, max-snippet:-1, max-image-preview:large, max-video-preview:-1\" \/>\n<link rel=\"canonical\" href=\"https:\/\/cotca.com\/quienes-somos\/\" \/>\n<meta property=\"og:locale\" content=\"ca_ES\" \/>\n<meta property=\"og:type\" content=\"article\" \/>\n<meta property=\"og:title\" content=\"Cotca - Qui som\" \/>\n<meta property=\"og:description\" content=\"Control d&#039;obres des del projecte fins a l&#039;assist\u00e8ncia t\u00e8cnica en la diagnosi i rehabilitaci\u00f3 d&#039;edificacions o infraestructures acabades.\" \/>\n<meta property=\"og:url\" content=\"https:\/\/cotca.com\/quienes-somos\/\" \/>\n<meta property=\"og:site_name\" content=\"Cotca\" \/>\n<meta property=\"article:modified_time\" content=\"2020-06-01T06:33:00+00:00\" \/>\n<meta property=\"og:image\" content=\"https:\/\/cotca.com\/wp-content\/uploads\/2019\/09\/cotca-Asistencia-te\u0301cnica-patologi\u0301a-control-de-calidad-slider-02.jpg\" \/>\n\t<meta property=\"og:image:width\" content=\"2000\" \/>\n\t<meta property=\"og:image:height\" content=\"1190\" \/>\n\t<meta property=\"og:image:type\" content=\"image\/jpeg\" \/>\n<meta name=\"twitter:card\" content=\"summary_large_image\" \/>\n<meta name=\"twitter:label1\" content=\"Temps estimat de lectura\" \/>\n\t<meta name=\"twitter:data1\" content=\"6 minuts\" \/>\n<script type=\"application\/ld+json\" class=\"yoast-schema-graph\">{\"@context\":\"https:\/\/schema.org\",\"@graph\":[{\"@type\":\"WebPage\",\"@id\":\"https:\/\/cotca.com\/quienes-somos\/\",\"url\":\"https:\/\/cotca.com\/quienes-somos\/\",\"name\":\"Cotca - Qui som\",\"isPartOf\":{\"@id\":\"https:\/\/cotca.com\/#website\"},\"primaryImageOfPage\":{\"@id\":\"https:\/\/cotca.com\/quienes-somos\/#primaryimage\"},\"image\":{\"@id\":\"https:\/\/cotca.com\/quienes-somos\/#primaryimage\"},\"thumbnailUrl\":\"https:\/\/cotca.com\/wp-content\/uploads\/2019\/09\/cotca-Asistencia-te\u0301cnica-patologi\u0301a-control-de-calidad-slider-02.jpg\",\"datePublished\":\"2020-02-02T11:16:48+00:00\",\"dateModified\":\"2020-06-01T06:33:00+00:00\",\"description\":\"Control d'obres des del projecte fins a l'assist\u00e8ncia t\u00e8cnica en la diagnosi i rehabilitaci\u00f3 d'edificacions o infraestructures acabades.\",\"breadcrumb\":{\"@id\":\"https:\/\/cotca.com\/quienes-somos\/#breadcrumb\"},\"inLanguage\":\"ca\",\"potentialAction\":[{\"@type\":\"ReadAction\",\"target\":[\"https:\/\/cotca.com\/quienes-somos\/\"]}]},{\"@type\":\"ImageObject\",\"inLanguage\":\"ca\",\"@id\":\"https:\/\/cotca.com\/quienes-somos\/#primaryimage\",\"url\":\"https:\/\/cotca.com\/wp-content\/uploads\/2019\/09\/cotca-Asistencia-te\u0301cnica-patologi\u0301a-control-de-calidad-slider-02.jpg\",\"contentUrl\":\"https:\/\/cotca.com\/wp-content\/uploads\/2019\/09\/cotca-Asistencia-te\u0301cnica-patologi\u0301a-control-de-calidad-slider-02.jpg\",\"width\":2000,\"height\":1190},{\"@type\":\"BreadcrumbList\",\"@id\":\"https:\/\/cotca.com\/quienes-somos\/#breadcrumb\",\"itemListElement\":[{\"@type\":\"ListItem\",\"position\":1,\"name\":\"Portada\",\"item\":\"https:\/\/cotca.com\/\"},{\"@type\":\"ListItem\",\"position\":2,\"name\":\"Qui som\"}]},{\"@type\":\"WebSite\",\"@id\":\"https:\/\/cotca.com\/#website\",\"url\":\"https:\/\/cotca.com\/\",\"name\":\"Cotca\",\"description\":\"Asist&eacute;ncia T&eacute;cnica, Patolog&iacute;a y control de calidad\",\"publisher\":{\"@id\":\"https:\/\/cotca.com\/#organization\"},\"potentialAction\":[{\"@type\":\"SearchAction\",\"target\":{\"@type\":\"EntryPoint\",\"urlTemplate\":\"https:\/\/cotca.com\/?s={search_term_string}\"},\"query-input\":{\"@type\":\"PropertyValueSpecification\",\"valueRequired\":true,\"valueName\":\"search_term_string\"}}],\"inLanguage\":\"ca\"},{\"@type\":\"Organization\",\"@id\":\"https:\/\/cotca.com\/#organization\",\"name\":\"COTCA\",\"url\":\"https:\/\/cotca.com\/\",\"logo\":{\"@type\":\"ImageObject\",\"inLanguage\":\"ca\",\"@id\":\"https:\/\/cotca.com\/#\/schema\/logo\/image\/\",\"url\":\"https:\/\/cotca.com\/wp-content\/uploads\/2020\/02\/cotca-logo-2020.svg\",\"contentUrl\":\"https:\/\/cotca.com\/wp-content\/uploads\/2020\/02\/cotca-logo-2020.svg\",\"width\":\"150\",\"height\":\"1\",\"caption\":\"COTCA\"},\"image\":{\"@id\":\"https:\/\/cotca.com\/#\/schema\/logo\/image\/\"}}]}<\/script>\n<!-- \/ Yoast SEO plugin. -->","yoast_head_json":{"title":"Cotca - Qui som","description":"Control d'obres des del projecte fins a l'assist\u00e8ncia t\u00e8cnica en la diagnosi i rehabilitaci\u00f3 d'edificacions o infraestructures acabades.","robots":{"index":"index","follow":"follow","max-snippet":"max-snippet:-1","max-image-preview":"max-image-preview:large","max-video-preview":"max-video-preview:-1"},"canonical":"https:\/\/cotca.com\/quienes-somos\/","og_locale":"ca_ES","og_type":"article","og_title":"Cotca - Qui som","og_description":"Control d'obres des del projecte fins a l'assist\u00e8ncia t\u00e8cnica en la diagnosi i rehabilitaci\u00f3 d'edificacions o infraestructures acabades.","og_url":"https:\/\/cotca.com\/quienes-somos\/","og_site_name":"Cotca","article_modified_time":"2020-06-01T06:33:00+00:00","og_image":[{"width":2000,"height":1190,"url":"https:\/\/cotca.com\/wp-content\/uploads\/2019\/09\/cotca-Asistencia-te\u0301cnica-patologi\u0301a-control-de-calidad-slider-02.jpg","type":"image\/jpeg"}],"twitter_card":"summary_large_image","twitter_misc":{"Temps estimat de lectura":"6 minuts"},"schema":{"@context":"https:\/\/schema.org","@graph":[{"@type":"WebPage","@id":"https:\/\/cotca.com\/quienes-somos\/","url":"https:\/\/cotca.com\/quienes-somos\/","name":"Cotca - Qui som","isPartOf":{"@id":"https:\/\/cotca.com\/#website"},"primaryImageOfPage":{"@id":"https:\/\/cotca.com\/quienes-somos\/#primaryimage"},"image":{"@id":"https:\/\/cotca.com\/quienes-somos\/#primaryimage"},"thumbnailUrl":"https:\/\/cotca.com\/wp-content\/uploads\/2019\/09\/cotca-Asistencia-te\u0301cnica-patologi\u0301a-control-de-calidad-slider-02.jpg","datePublished":"2020-02-02T11:16:48+00:00","dateModified":"2020-06-01T06:33:00+00:00","description":"Control d'obres des del projecte fins a l'assist\u00e8ncia t\u00e8cnica en la diagnosi i rehabilitaci\u00f3 d'edificacions o infraestructures acabades.","breadcrumb":{"@id":"https:\/\/cotca.com\/quienes-somos\/#breadcrumb"},"inLanguage":"ca","potentialAction":[{"@type":"ReadAction","target":["https:\/\/cotca.com\/quienes-somos\/"]}]},{"@type":"ImageObject","inLanguage":"ca","@id":"https:\/\/cotca.com\/quienes-somos\/#primaryimage","url":"https:\/\/cotca.com\/wp-content\/uploads\/2019\/09\/cotca-Asistencia-te\u0301cnica-patologi\u0301a-control-de-calidad-slider-02.jpg","contentUrl":"https:\/\/cotca.com\/wp-content\/uploads\/2019\/09\/cotca-Asistencia-te\u0301cnica-patologi\u0301a-control-de-calidad-slider-02.jpg","width":2000,"height":1190},{"@type":"BreadcrumbList","@id":"https:\/\/cotca.com\/quienes-somos\/#breadcrumb","itemListElement":[{"@type":"ListItem","position":1,"name":"Portada","item":"https:\/\/cotca.com\/"},{"@type":"ListItem","position":2,"name":"Qui som"}]},{"@type":"WebSite","@id":"https:\/\/cotca.com\/#website","url":"https:\/\/cotca.com\/","name":"Cotca","description":"Asist&eacute;ncia T&eacute;cnica, Patolog&iacute;a y control de calidad","publisher":{"@id":"https:\/\/cotca.com\/#organization"},"potentialAction":[{"@type":"SearchAction","target":{"@type":"EntryPoint","urlTemplate":"https:\/\/cotca.com\/?s={search_term_string}"},"query-input":{"@type":"PropertyValueSpecification","valueRequired":true,"valueName":"search_term_string"}}],"inLanguage":"ca"},{"@type":"Organization","@id":"https:\/\/cotca.com\/#organization","name":"COTCA","url":"https:\/\/cotca.com\/","logo":{"@type":"ImageObject","inLanguage":"ca","@id":"https:\/\/cotca.com\/#\/schema\/logo\/image\/","url":"https:\/\/cotca.com\/wp-content\/uploads\/2020\/02\/cotca-logo-2020.svg","contentUrl":"https:\/\/cotca.com\/wp-content\/uploads\/2020\/02\/cotca-logo-2020.svg","width":"150","height":"1","caption":"COTCA"},"image":{"@id":"https:\/\/cotca.com\/#\/schema\/logo\/image\/"}}]}},"_links":{"self":[{"href":"https:\/\/cotca.com\/ca\/wp-json\/wp\/v2\/pages\/80140","targetHints":{"allow":["GET"]}}],"collection":[{"href":"https:\/\/cotca.com\/ca\/wp-json\/wp\/v2\/pages"}],"about":[{"href":"https:\/\/cotca.com\/ca\/wp-json\/wp\/v2\/types\/page"}],"author":[{"embeddable":true,"href":"https:\/\/cotca.com\/ca\/wp-json\/wp\/v2\/users\/1"}],"replies":[{"embeddable":true,"href":"https:\/\/cotca.com\/ca\/wp-json\/wp\/v2\/comments?post=80140"}],"version-history":[{"count":5,"href":"https:\/\/cotca.com\/ca\/wp-json\/wp\/v2\/pages\/80140\/revisions"}],"predecessor-version":[{"id":80144,"href":"https:\/\/cotca.com\/ca\/wp-json\/wp\/v2\/pages\/80140\/revisions\/80144"}],"wp:featuredmedia":[{"embeddable":true,"href":"https:\/\/cotca.com\/ca\/wp-json\/wp\/v2\/media\/80453"}],"wp:attachment":[{"href":"https:\/\/cotca.com\/ca\/wp-json\/wp\/v2\/media?parent=80140"}],"curies":[{"name":"wp","href":"https:\/\/api.w.org\/{rel}","templated":true}]}}