{"id":80155,"date":"2019-10-23T13:52:56","date_gmt":"2019-10-23T13:52:56","guid":{"rendered":"http:\/\/cotca.com\/ca\/contactar\/"},"modified":"2020-04-16T11:09:15","modified_gmt":"2020-04-16T11:09:15","slug":"contactar","status":"publish","type":"page","link":"https:\/\/cotca.com\/ca\/contactar\/","title":{"rendered":"Contactar"},"content":{"rendered":"<p>[vc_row unlock_row_content=&#8221;yes&#8221; row_height_percent=&#8221;55&#8243; override_padding=&#8221;yes&#8221; h_padding=&#8221;4&#8243; top_padding=&#8221;5&#8243; bottom_padding=&#8221;0&#8243; overlay_alpha=&#8221;50&#8243; equal_height=&#8221;yes&#8221; gutter_size=&#8221;0&#8243; column_width_percent=&#8221;100&#8243; shift_y=&#8221;0&#8243; z_index=&#8221;0&#8243; el_class=&#8221;inverted-device-order&#8221;][vc_column column_width_use_pixel=&#8221;yes&#8221; position_vertical=&#8221;middle&#8221; overlay_alpha=&#8221;50&#8243; gutter_size=&#8221;3&#8243; medium_width=&#8221;0&#8243; mobile_width=&#8221;0&#8243; shift_x=&#8221;0&#8243; shift_y=&#8221;0&#8243; shift_y_down=&#8221;0&#8243; z_index=&#8221;0&#8243; width=&#8221;1\/2&#8243; column_width_pixel=&#8221;600&#8243;][vc_custom_heading heading_semantic=&#8221;h3&#8243; text_font=&#8221;font-329340&#8243; text_weight=&#8221;200&#8243; text_transform=&#8221;uppercase&#8221; text_color=&#8221;color-vyce&#8221;]Oficines[\/vc_custom_heading][vc_row_inner][vc_column_inner column_width_percent=&#8221;100&#8243; gutter_size=&#8221;2&#8243; overlay_alpha=&#8221;50&#8243; medium_width=&#8221;0&#8243; mobile_width=&#8221;0&#8243; shift_x=&#8221;0&#8243; shift_y=&#8221;0&#8243; shift_y_down=&#8221;0&#8243; z_index=&#8221;0&#8243; width=&#8221;1\/1&#8243;][vc_icon position=&#8221;left&#8221; icon=&#8221;fa fa-map-pin&#8221; size=&#8221;fa-2x&#8221; text_size=&#8221;h6&#8243; title=&#8221;Balmes 200, 5o 2a \u2022 08006 Barcelona&#8221;][\/vc_icon][vc_icon position=&#8221;left&#8221; icon=&#8221;fa fa-mobile2&#8243; size=&#8221;fa-2x&#8221; text_size=&#8221;h6&#8243; title=&#8221;Tel: 93 218 71 46&#8243;][\/vc_icon][vc_icon position=&#8221;left&#8221; icon=&#8221;fa fa-envelope2&#8243; size=&#8221;fa-2x&#8221; text_size=&#8221;h6&#8243; title=&#8221;Comercial&#8221; link=&#8221;url:mailto%3Ainfo%40cotca.com|||&#8221;][\/vc_icon][vc_icon position=&#8221;left&#8221; icon=&#8221;fa fa-envelope2&#8243; size=&#8221;fa-2x&#8221; text_size=&#8221;h6&#8243; title=&#8221;Assist\u00e8ncia t\u00e8cnica&#8221; link=&#8221;url:mailto%3Acontrolc%40cotca.com|||&#8221;][\/vc_icon][vc_icon position=&#8221;left&#8221; icon=&#8221;fa fa-envelope2&#8243; size=&#8221;fa-2x&#8221; text_size=&#8221;h6&#8243; title=&#8221;Control de qualitat \/ O.C.T.&#8221; link=&#8221;url:mailto%3Aofitec%40cotca.com|||&#8221;][\/vc_icon][vc_icon position=&#8221;left&#8221; icon=&#8221;fa fa-envelope2&#8243; size=&#8221;fa-2x&#8221; text_size=&#8221;h6&#8243; title=&#8221;Patologia&#8221; link=&#8221;url:mailto%3Apatologia%40cotca.com|||&#8221;][\/vc_icon][vc_icon position=&#8221;left&#8221; icon=&#8221;fa fa-envelope2&#8243; size=&#8221;fa-2x&#8221; text_size=&#8221;h6&#8243; title=&#8221;Enginyeria&#8221; link=&#8221;url:mailto%3Atecnic%40cotca.com|||&#8221;][\/vc_icon][\/vc_column_inner][\/vc_row_inner][vc_row_inner][vc_column_inner column_width_percent=&#8221;100&#8243; gutter_size=&#8221;2&#8243; overlay_alpha=&#8221;50&#8243; medium_width=&#8221;0&#8243; mobile_width=&#8221;0&#8243; shift_x=&#8221;0&#8243; shift_y=&#8221;0&#8243; shift_y_down=&#8221;0&#8243; z_index=&#8221;0&#8243; width=&#8221;1\/1&#8243;][vc_separator][uncode_socials size=&#8221;lead&#8221;][\/vc_column_inner][\/vc_row_inner][\/vc_column][vc_column column_width_percent=&#8221;100&#8243; style=&#8221;dark&#8221; overlay_alpha=&#8221;50&#8243; gutter_size=&#8221;3&#8243; medium_width=&#8221;0&#8243; mobile_width=&#8221;0&#8243; shift_x=&#8221;0&#8243; shift_y=&#8221;0&#8243; shift_y_down=&#8221;0&#8243; z_index=&#8221;0&#8243; width=&#8221;1\/2&#8243; mobile_height=&#8221;360&#8243;][vc_column_text]<iframe style=\"border: 0;\" src=\"https:\/\/www.google.com\/maps\/embed?pb=!1m18!1m12!1m3!1d2992.936564184357!2d2.1503703163121997!3d41.397183979263126!2m3!1f0!2f0!3f0!3m2!1i1024!2i768!4f13.1!3m3!1m2!1s0x12a4a29a327475fd%3A0xb759912c35fdae83!2sCotca%20SA!5e0!3m2!1sca!2ses!4v1571840170657!5m2!1sca!2ses\" width=\"100%\" height=\"450\" frameborder=\"0\" allowfullscreen=\"allowfullscreen\"><\/iframe>[\/vc_column_text][\/vc_column][\/vc_row][vc_row row_height_percent=&#8221;0&#8243; override_padding=&#8221;yes&#8221; h_padding=&#8221;2&#8243; top_padding=&#8221;5&#8243; bottom_padding=&#8221;0&#8243; overlay_alpha=&#8221;0&#8243; gutter_size=&#8221;100&#8243; column_width_percent=&#8221;100&#8243; shift_y=&#8221;0&#8243; z_index=&#8221;0&#8243; top_divider=&#8221;step&#8221; style=&#8221;inherited&#8221;][vc_column column_width_percent=&#8221;100&#8243; align_horizontal=&#8221;align_center&#8221; overlay_alpha=&#8221;100&#8243; gutter_size=&#8221;4&#8243; medium_width=&#8221;0&#8243; shift_x=&#8221;0&#8243; shift_y=&#8221;0&#8243; z_index=&#8221;0&#8243; zoom_width=&#8221;0&#8243; zoom_height=&#8221;0&#8243; width=&#8221;1\/1&#8243;][vc_row_inner row_inner_height_percent=&#8221;0&#8243; overlay_alpha=&#8221;100&#8243; gutter_size=&#8221;3&#8243; shift_y=&#8221;0&#8243;][vc_column_inner column_width_use_pixel=&#8221;yes&#8221; align_horizontal=&#8221;align_center&#8221; gutter_size=&#8221;3&#8243; overlay_alpha=&#8221;100&#8243; medium_width=&#8221;0&#8243; mobile_width=&#8221;0&#8243; shift_x=&#8221;0&#8243; shift_y=&#8221;0&#8243; shift_y_down=&#8221;0&#8243; z_index=&#8221;0&#8243; zoom_width=&#8221;0&#8243; zoom_height=&#8221;0&#8243; mobile_width_full=&#8221;&#8221; width=&#8221;1\/1&#8243; column_width_pixel=&#8221;900&#8243;][vc_custom_heading text_size=&#8221;h1&#8243; text_space=&#8221;fontspace-781688&#8243; text_font=&#8221;font-329340&#8243; text_weight=&#8221;500&#8243; text_transform=&#8221;uppercase&#8221; text_color=&#8221;color-vyce&#8221; separator=&#8221;yes&#8221; separator_color=&#8221;yes&#8221; separator_double=&#8221;yes&#8221; sub_lead=&#8221;yes&#8221; sub_reduced=&#8221;yes&#8221; css_animation=&#8221;bottom-t-top&#8221; text_align=&#8221;text-center&#8221; text_serif=&#8221;&#8221; subheading=&#8221;Pot omplir el seg\u00fcent formulari indicant el departament amb el que desitja contactar del men\u00fa desplegable. Li respondrem el m\u00e9s aviat possible.&#8221;]CONTACTI AMB COTCA[\/vc_custom_heading][\/vc_column_inner][\/vc_row_inner][\/vc_column][\/vc_row][vc_row row_height_percent=&#8221;0&#8243; override_padding=&#8221;yes&#8221; h_padding=&#8221;2&#8243; top_padding=&#8221;5&#8243; bottom_padding=&#8221;5&#8243; overlay_alpha=&#8221;100&#8243; gutter_size=&#8221;100&#8243; column_width_percent=&#8221;100&#8243; shift_y=&#8221;0&#8243; z_index=&#8221;0&#8243; style=&#8221;inherited&#8221;][vc_column column_width_use_pixel=&#8221;yes&#8221; align_horizontal=&#8221;align_center&#8221; overlay_alpha=&#8221;100&#8243; gutter_size=&#8221;3&#8243; medium_width=&#8221;100&#8243; mobile_width=&#8221;0&#8243; shift_x=&#8221;0&#8243; shift_y=&#8221;0&#8243; shift_y_down=&#8221;0&#8243; z_index=&#8221;0&#8243; zoom_width=&#8221;0&#8243; zoom_height=&#8221;0&#8243; width=&#8221;1\/1&#8243; column_width_pixel=&#8221;900&#8243;][contact-form-7 id=&#8221;80161&#8243;][\/vc_column][\/vc_row]<\/p>\n","protected":false},"excerpt":{"rendered":"<p>[vc_row unlock_row_content=&#8221;yes&#8221; row_height_percent=&#8221;55&#8243; override_padding=&#8221;yes&#8221; h_padding=&#8221;4&#8243; top_padding=&#8221;5&#8243; bottom_padding=&#8221;0&#8243; overlay_alpha=&#8221;50&#8243; equal_height=&#8221;yes&#8221; gutter_size=&#8221;0&#8243; column_width_percent=&#8221;100&#8243; shift_y=&#8221;0&#8243; z_index=&#8221;0&#8243; el_class=&#8221;inverted-device-order&#8221;][vc_column column_width_use_pixel=&#8221;yes&#8221; position_vertical=&#8221;middle&#8221; overlay_alpha=&#8221;50&#8243; gutter_size=&#8221;3&#8243; medium_width=&#8221;0&#8243; mobile_width=&#8221;0&#8243; [&hellip;]<\/p>\n","protected":false},"author":1,"featured_media":80453,"parent":0,"menu_order":0,"comment_status":"closed","ping_status":"closed","template":"","meta":{"footnotes":""},"class_list":["post-80155","page","type-page","status-publish","has-post-thumbnail","hentry"],"yoast_head":"<!-- This site is optimized with the Yoast SEO plugin v27.2 - https:\/\/yoast.com\/product\/yoast-seo-wordpress\/ -->\n<title>Cotca - Contactar<\/title>\n<meta name=\"description\" content=\"Control de obras desde el proyecto hasta la asistencia t\u00e9cnica en la diagnosis y rehabilitaci\u00f3n de edificaciones o infraestructuras acabadas.\" \/>\n<meta name=\"robots\" content=\"index, follow, max-snippet:-1, max-image-preview:large, max-video-preview:-1\" \/>\n<link rel=\"canonical\" href=\"https:\/\/cotca.com\/contactar\/\" \/>\n<meta property=\"og:locale\" content=\"ca_ES\" \/>\n<meta property=\"og:type\" content=\"article\" \/>\n<meta property=\"og:title\" content=\"Cotca - Contactar\" \/>\n<meta property=\"og:description\" content=\"Control de obras desde el proyecto hasta la asistencia t\u00e9cnica en la diagnosis y rehabilitaci\u00f3n de edificaciones o infraestructuras acabadas.\" \/>\n<meta property=\"og:url\" content=\"https:\/\/cotca.com\/contactar\/\" \/>\n<meta property=\"og:site_name\" content=\"Cotca\" \/>\n<meta property=\"article:modified_time\" content=\"2020-04-16T11:09:15+00:00\" \/>\n<meta property=\"og:image\" content=\"https:\/\/cotca.com\/wp-content\/uploads\/2019\/09\/cotca-Asistencia-te\u0301cnica-patologi\u0301a-control-de-calidad-slider-02.jpg\" \/>\n\t<meta property=\"og:image:width\" content=\"2000\" \/>\n\t<meta property=\"og:image:height\" content=\"1190\" \/>\n\t<meta property=\"og:image:type\" content=\"image\/jpeg\" \/>\n<meta name=\"twitter:card\" content=\"summary_large_image\" \/>\n<meta name=\"twitter:label1\" content=\"Temps estimat de lectura\" \/>\n\t<meta name=\"twitter:data1\" content=\"3 minuts\" \/>\n<script type=\"application\/ld+json\" class=\"yoast-schema-graph\">{\"@context\":\"https:\/\/schema.org\",\"@graph\":[{\"@type\":\"WebPage\",\"@id\":\"https:\/\/cotca.com\/contactar\/\",\"url\":\"https:\/\/cotca.com\/contactar\/\",\"name\":\"Cotca - Contactar\",\"isPartOf\":{\"@id\":\"https:\/\/cotca.com\/#website\"},\"primaryImageOfPage\":{\"@id\":\"https:\/\/cotca.com\/contactar\/#primaryimage\"},\"image\":{\"@id\":\"https:\/\/cotca.com\/contactar\/#primaryimage\"},\"thumbnailUrl\":\"https:\/\/cotca.com\/wp-content\/uploads\/2019\/09\/cotca-Asistencia-te\u0301cnica-patologi\u0301a-control-de-calidad-slider-02.jpg\",\"datePublished\":\"2019-10-23T13:52:56+00:00\",\"dateModified\":\"2020-04-16T11:09:15+00:00\",\"description\":\"Control de obras desde el proyecto hasta la asistencia t\u00e9cnica en la diagnosis y rehabilitaci\u00f3n de edificaciones o infraestructuras acabadas.\",\"breadcrumb\":{\"@id\":\"https:\/\/cotca.com\/contactar\/#breadcrumb\"},\"inLanguage\":\"ca\",\"potentialAction\":[{\"@type\":\"ReadAction\",\"target\":[\"https:\/\/cotca.com\/contactar\/\"]}]},{\"@type\":\"ImageObject\",\"inLanguage\":\"ca\",\"@id\":\"https:\/\/cotca.com\/contactar\/#primaryimage\",\"url\":\"https:\/\/cotca.com\/wp-content\/uploads\/2019\/09\/cotca-Asistencia-te\u0301cnica-patologi\u0301a-control-de-calidad-slider-02.jpg\",\"contentUrl\":\"https:\/\/cotca.com\/wp-content\/uploads\/2019\/09\/cotca-Asistencia-te\u0301cnica-patologi\u0301a-control-de-calidad-slider-02.jpg\",\"width\":2000,\"height\":1190},{\"@type\":\"BreadcrumbList\",\"@id\":\"https:\/\/cotca.com\/contactar\/#breadcrumb\",\"itemListElement\":[{\"@type\":\"ListItem\",\"position\":1,\"name\":\"Portada\",\"item\":\"https:\/\/cotca.com\/\"},{\"@type\":\"ListItem\",\"position\":2,\"name\":\"Contactar\"}]},{\"@type\":\"WebSite\",\"@id\":\"https:\/\/cotca.com\/#website\",\"url\":\"https:\/\/cotca.com\/\",\"name\":\"Cotca\",\"description\":\"Asist&eacute;ncia T&eacute;cnica, Patolog&iacute;a y control de calidad\",\"publisher\":{\"@id\":\"https:\/\/cotca.com\/#organization\"},\"potentialAction\":[{\"@type\":\"SearchAction\",\"target\":{\"@type\":\"EntryPoint\",\"urlTemplate\":\"https:\/\/cotca.com\/?s={search_term_string}\"},\"query-input\":{\"@type\":\"PropertyValueSpecification\",\"valueRequired\":true,\"valueName\":\"search_term_string\"}}],\"inLanguage\":\"ca\"},{\"@type\":\"Organization\",\"@id\":\"https:\/\/cotca.com\/#organization\",\"name\":\"COTCA\",\"url\":\"https:\/\/cotca.com\/\",\"logo\":{\"@type\":\"ImageObject\",\"inLanguage\":\"ca\",\"@id\":\"https:\/\/cotca.com\/#\/schema\/logo\/image\/\",\"url\":\"https:\/\/cotca.com\/wp-content\/uploads\/2020\/02\/cotca-logo-2020.svg\",\"contentUrl\":\"https:\/\/cotca.com\/wp-content\/uploads\/2020\/02\/cotca-logo-2020.svg\",\"width\":\"150\",\"height\":\"1\",\"caption\":\"COTCA\"},\"image\":{\"@id\":\"https:\/\/cotca.com\/#\/schema\/logo\/image\/\"}}]}<\/script>\n<!-- \/ Yoast SEO plugin. -->","yoast_head_json":{"title":"Cotca - Contactar","description":"Control de obras desde el proyecto hasta la asistencia t\u00e9cnica en la diagnosis y rehabilitaci\u00f3n de edificaciones o infraestructuras acabadas.","robots":{"index":"index","follow":"follow","max-snippet":"max-snippet:-1","max-image-preview":"max-image-preview:large","max-video-preview":"max-video-preview:-1"},"canonical":"https:\/\/cotca.com\/contactar\/","og_locale":"ca_ES","og_type":"article","og_title":"Cotca - Contactar","og_description":"Control de obras desde el proyecto hasta la asistencia t\u00e9cnica en la diagnosis y rehabilitaci\u00f3n de edificaciones o infraestructuras acabadas.","og_url":"https:\/\/cotca.com\/contactar\/","og_site_name":"Cotca","article_modified_time":"2020-04-16T11:09:15+00:00","og_image":[{"width":2000,"height":1190,"url":"https:\/\/cotca.com\/wp-content\/uploads\/2019\/09\/cotca-Asistencia-te\u0301cnica-patologi\u0301a-control-de-calidad-slider-02.jpg","type":"image\/jpeg"}],"twitter_card":"summary_large_image","twitter_misc":{"Temps estimat de lectura":"3 minuts"},"schema":{"@context":"https:\/\/schema.org","@graph":[{"@type":"WebPage","@id":"https:\/\/cotca.com\/contactar\/","url":"https:\/\/cotca.com\/contactar\/","name":"Cotca - Contactar","isPartOf":{"@id":"https:\/\/cotca.com\/#website"},"primaryImageOfPage":{"@id":"https:\/\/cotca.com\/contactar\/#primaryimage"},"image":{"@id":"https:\/\/cotca.com\/contactar\/#primaryimage"},"thumbnailUrl":"https:\/\/cotca.com\/wp-content\/uploads\/2019\/09\/cotca-Asistencia-te\u0301cnica-patologi\u0301a-control-de-calidad-slider-02.jpg","datePublished":"2019-10-23T13:52:56+00:00","dateModified":"2020-04-16T11:09:15+00:00","description":"Control de obras desde el proyecto hasta la asistencia t\u00e9cnica en la diagnosis y rehabilitaci\u00f3n de edificaciones o infraestructuras acabadas.","breadcrumb":{"@id":"https:\/\/cotca.com\/contactar\/#breadcrumb"},"inLanguage":"ca","potentialAction":[{"@type":"ReadAction","target":["https:\/\/cotca.com\/contactar\/"]}]},{"@type":"ImageObject","inLanguage":"ca","@id":"https:\/\/cotca.com\/contactar\/#primaryimage","url":"https:\/\/cotca.com\/wp-content\/uploads\/2019\/09\/cotca-Asistencia-te\u0301cnica-patologi\u0301a-control-de-calidad-slider-02.jpg","contentUrl":"https:\/\/cotca.com\/wp-content\/uploads\/2019\/09\/cotca-Asistencia-te\u0301cnica-patologi\u0301a-control-de-calidad-slider-02.jpg","width":2000,"height":1190},{"@type":"BreadcrumbList","@id":"https:\/\/cotca.com\/contactar\/#breadcrumb","itemListElement":[{"@type":"ListItem","position":1,"name":"Portada","item":"https:\/\/cotca.com\/"},{"@type":"ListItem","position":2,"name":"Contactar"}]},{"@type":"WebSite","@id":"https:\/\/cotca.com\/#website","url":"https:\/\/cotca.com\/","name":"Cotca","description":"Asist&eacute;ncia T&eacute;cnica, Patolog&iacute;a y control de calidad","publisher":{"@id":"https:\/\/cotca.com\/#organization"},"potentialAction":[{"@type":"SearchAction","target":{"@type":"EntryPoint","urlTemplate":"https:\/\/cotca.com\/?s={search_term_string}"},"query-input":{"@type":"PropertyValueSpecification","valueRequired":true,"valueName":"search_term_string"}}],"inLanguage":"ca"},{"@type":"Organization","@id":"https:\/\/cotca.com\/#organization","name":"COTCA","url":"https:\/\/cotca.com\/","logo":{"@type":"ImageObject","inLanguage":"ca","@id":"https:\/\/cotca.com\/#\/schema\/logo\/image\/","url":"https:\/\/cotca.com\/wp-content\/uploads\/2020\/02\/cotca-logo-2020.svg","contentUrl":"https:\/\/cotca.com\/wp-content\/uploads\/2020\/02\/cotca-logo-2020.svg","width":"150","height":"1","caption":"COTCA"},"image":{"@id":"https:\/\/cotca.com\/#\/schema\/logo\/image\/"}}]}},"_links":{"self":[{"href":"https:\/\/cotca.com\/ca\/wp-json\/wp\/v2\/pages\/80155","targetHints":{"allow":["GET"]}}],"collection":[{"href":"https:\/\/cotca.com\/ca\/wp-json\/wp\/v2\/pages"}],"about":[{"href":"https:\/\/cotca.com\/ca\/wp-json\/wp\/v2\/types\/page"}],"author":[{"embeddable":true,"href":"https:\/\/cotca.com\/ca\/wp-json\/wp\/v2\/users\/1"}],"replies":[{"embeddable":true,"href":"https:\/\/cotca.com\/ca\/wp-json\/wp\/v2\/comments?post=80155"}],"version-history":[{"count":5,"href":"https:\/\/cotca.com\/ca\/wp-json\/wp\/v2\/pages\/80155\/revisions"}],"predecessor-version":[{"id":80375,"href":"https:\/\/cotca.com\/ca\/wp-json\/wp\/v2\/pages\/80155\/revisions\/80375"}],"wp:featuredmedia":[{"embeddable":true,"href":"https:\/\/cotca.com\/ca\/wp-json\/wp\/v2\/media\/80453"}],"wp:attachment":[{"href":"https:\/\/cotca.com\/ca\/wp-json\/wp\/v2\/media?parent=80155"}],"curies":[{"name":"wp","href":"https:\/\/api.w.org\/{rel}","templated":true}]}}