{"id":80169,"date":"2020-03-24T08:46:17","date_gmt":"2020-03-24T08:46:17","guid":{"rendered":"http:\/\/cotca.com\/ca\/politica-de-privacidad\/"},"modified":"2021-10-26T10:56:00","modified_gmt":"2021-10-26T10:56:00","slug":"politica-de-privacidad","status":"publish","type":"page","link":"https:\/\/cotca.com\/ca\/politica-de-privacidad\/","title":{"rendered":"Pol\u00edtica de privacitat"},"content":{"rendered":"[vc_row][vc_column][vc_column_text uncode_shortcode_id=&#8221;696393&#8243;]<\/p>\r\n<h3 class=\"wp-block-heading\"><strong>POL\u00cdTICA DE PRIVACITAT DEL LLOC WEB<\/strong><\/h3>\r\n<p>Respectant el que estableix la legislaci\u00f3 vigent, Cotca S.A. (En endavant, lloc web) es compromet a adoptar les mesures t\u00e8cniques i organitzatives necess\u00e0ries, segons el nivell de seguretat adequat al risc de les dades recollides.<\/p>\r\n<p><strong>Lleis que incorpora aquesta pol\u00edtica de privacitat<\/strong><\/p>\r\n<p>Aquesta pol\u00edtica de privacitat est\u00e0 adaptada a la normativa espanyola i europea vigent en mat\u00e8ria de protecci\u00f3 de dades personals a internet. En concret, la mateixa respecta les normes seg\u00fcents:<\/p>\r\n<ul>\r\n<li>El Reglament (UE) 2016\/679 de el Parlament Europeu i de Consell, de 27 d&#8217;abril de 2016, relatiu a la protecci\u00f3 de les persones f\u00edsiques pel que fa al tractament de dades personals ia la lliure circulaci\u00f3 d&#8217;aquestes dades (RGPD) .<\/li>\r\n<li>La Llei Org\u00e0nica 3\/2018, de 5 de desembre, de Protecci\u00f3 de Dades Personals i garantia dels drets digitals (LOPD-GDD).<\/li>\r\n<li>El Reial Decret 1720\/2007, de 21 de desembre, pel qual s&#8217;aprova el Reglament de desenvolupament de la Llei Org\u00e0nica 15\/1999, de 13 de desembre, de protecci\u00f3 de dades de car\u00e0cter personal (RDLOPD).<\/li>\r\n<li>La Llei 34\/2002, de 11 de juliol, de Serveis de la Societat de la Informaci\u00f3 i de Comer\u00e7 Electr\u00f2nic (LSSI-CE).<\/li>\r\n<\/ul>\r\n<p><strong>Identitat del responsable del tractament de les dades personals<\/strong><\/p>\r\n<p>El responsable del tractament de les dades personals recollides en Cotca S.A. \u00e9s: ATICO34, amb NIF: B87186177 (en endavant, responsable del tractament). Les seves dades de contacte s\u00f3n les seg\u00fcents:<\/p>\r\n<p>Direcci\u00f3: Balmes 200, 5\u00e8 2a<br \/>08006 Barcelona<br \/>Espanya<br \/>Tel\u00e8fon de contacte: 93 218 71 46<br \/>E-mail de contacte: info@cotca.com<\/p>\r\n<p><strong>Delegat de Protecci\u00f3 de Dades (DPD)<\/strong><\/p>\r\n<p>El Delegat de Protecci\u00f3 de Dades (DPD, o DPO per les sigles en angl\u00e8s) \u00e9s l&#8217;encarregat de vetllar pel compliment de la normativa de protecci\u00f3 de dades a la qual es troba subjecta Cotca SA. L&#8217;usuari pot contactar amb el DPD designat per el responsable del tractament utilitzant les dades de contacte: info@cotca.com.<\/p>\r\n<p><strong>Registre de dades de car\u00e0cter personal<\/strong><\/p>\r\n<p>En compliment del que estableix el RGPD i la LOPD-GDD, l&#8217;informem que les dades personals recollides per Cotca S.A. mitjan\u00e7ant els formularis facilitats a les seves p\u00e0gines quedaran incorporades i seran tractades en el nostre fitxers amb la finalitat de poder facilitar, agilitzar i complir els compromisos establerts entre Cotca S.A. i l&#8217;usuari o el manteniment de la relaci\u00f3 que s&#8217;estableixi en els formularis que aquest ompli, o per atendre una sol\u00b7licitud o consulta d&#8217;aquest. Aix\u00ed mateix, de conformitat amb el que preveu el RGPD i la LOPD-GDD, llevat que sigui aplicable l&#8217;excepci\u00f3 prevista en l&#8217;article 30.5 de l&#8217;RGPD, es mant\u00e9 un registre d&#8217;activitats de tractament que especifica, segons les seves finalitats, les activitats de tractament dutes a terme i les altres circumst\u00e0ncies establertes en el RGPD.<\/p>\r\n<p><strong>Principis aplicables a l&#8217;tractament de les dades personals<\/strong><\/p>\r\n<p>El tractament de les dades personals de l&#8217;usuari es sotmetr\u00e0 als seg\u00fcents principis recollits en l&#8217;article 5 de l&#8217;RGPD i en l&#8217;article 4 i seg\u00fcents de la Llei Org\u00e0nica 3\/2018, de 5 de desembre, de Protecci\u00f3 de Dades Personals i garantia dels drets digitals:<\/p>\r\n<ul>\r\n<li>Principi de licitud, lleialtat i transpar\u00e8ncia: es requerir\u00e0 en tot moment el consentiment de l&#8217;usuari pr\u00e8via informaci\u00f3 completament transparent dels fins per als quals es recullen les dades personals.<\/li>\r\n<li>Principi de limitaci\u00f3 de la finalitat: les dades personals seran recollides amb fins determinats, expl\u00edcits i leg\u00edtims.<\/li>\r\n<li>Principi de minimitzaci\u00f3 de dades: les dades personals recollides seran \u00fanicament les estrictament necess\u00e0ries en relaci\u00f3 amb els fins per als quals s\u00f3n tractats.<\/li>\r\n<li>Principi d&#8217;exactitud: les dades personals han de ser exactes i estar sempre actualitzats.<\/li>\r\n<li>Principi de limitaci\u00f3 del termini de conservaci\u00f3: les dades personals nom\u00e9s seran mantinguts de manera que es permeti la identificaci\u00f3 de l&#8217;usuari durant el temps necessari per als fins del seu tractament.<\/li>\r\n<li>Principi d&#8217;integritat i confidencialitat: les dades personals seran tractades de manera que es garanteixi la seva seguretat i confidencialitat.<\/li>\r\n<li>Principi de responsabilitat proactiva: el responsable del tractament ser\u00e0 responsable d&#8217;assegurar que els principis anteriors es compleixen.<\/li>\r\n<\/ul>\r\n<p><strong>Categories de dades personals<\/strong><\/p>\r\n<p>Les categories de dades que es tracten en https:\/\/cotca.com s\u00f3n \u00fanicament dades identificatives. En cap cas, es tracten categories especials de dades personals en el sentit de l&#8217;article 9 de l&#8217;RGPD.<\/p>\r\n<p><strong>Caps de el tractament a qu\u00e8 es destinen les dades personals<\/strong><\/p>\r\n<p>Les dades personals s\u00f3n recollides i gestionats per Cotca S.A. amb la finalitat de poder facilitar, agilitzar i complir els compromisos establerts entre el lloc web i l&#8217;usuari o el manteniment de la relaci\u00f3 que s&#8217;estableixi en els formularis que aquest \u00faltim ompli o per atendre una sol\u00b7licitud o consulta.<br \/>Igualment, les dades podran ser utilitzades amb una finalitat comercial de personalitzaci\u00f3, operativa i estad\u00edstica, i activitats pr\u00f2pies de l&#8217;objecte social de Cotca SA, aix\u00ed com per a l&#8217;extracci\u00f3, emmagatzematge de dades i estudis de m\u00e0rqueting per adequar al Contingut ofert a l&#8217;usuari, aix\u00ed com millorar la qualitat, funcionament i navegaci\u00f3 pel lloc web.<br \/>En el moment en qu\u00e8 s&#8217;obtinguin les dades personals, s&#8217;informar\u00e0 l&#8217;usuari sobre la finalitat o finalitats espec\u00edfiques de el tractament a qu\u00e8 es destinaran les dades personals; \u00e9s a dir, de l&#8217;\u00fas o usos que es donar\u00e0 a la informaci\u00f3 recopilada.<\/p>\r\n<p><strong>Per\u00edodes de retenci\u00f3 de les dades personals<\/strong><\/p>\r\n<p>Les dades personals nom\u00e9s seran retinguts durant el temps m\u00ednim necessari per als fins del seu tractament i, en tot cas, \u00fanicament durant el seg\u00fcent termini: 30 dies, o fins que l&#8217;usuari sol\u00b7liciti la seva supressi\u00f3.<br \/>En el moment en qu\u00e8 s&#8217;obtinguin les dades personals, s&#8217;informar\u00e0 l&#8217;usuari sobre el termini durant el qual es conservaran les dades personals o, quan aix\u00f2 no sigui possible, els criteris utilitzats per determinar aquest termini.<\/p>\r\n<p><strong>Destinataris de les dades personals<\/strong><\/p>\r\n<p>Les dades personals de l&#8217;usuari seran compartits amb els seg\u00fcents destinataris o categories de destinataris: Cotca S.A. (Indicar)<br \/>En cas que el responsable del tractament tingui la intenci\u00f3 de transferir dades personals a un tercer pa\u00eds o organitzaci\u00f3 internacional, en el moment en qu\u00e8 s&#8217;obtinguin les dades personals, s&#8217;informar\u00e0 l&#8217;usuari sobre el tercer pa\u00eds o organitzaci\u00f3 internacional al qual es t\u00e9 la intenci\u00f3 de transferir les dades, aix\u00ed com de l&#8217;exist\u00e8ncia o abs\u00e8ncia d&#8217;una decisi\u00f3 d&#8217;adequaci\u00f3 de la Comissi\u00f3.<\/p>\r\n<p><strong>Dades personals de menors d&#8217;edat<\/strong><\/p>\r\n<p>Respectant el que estableixen els articles 8 de la RGPD i 7 de la Llei Org\u00e0nica 3\/2018, de 5 de desembre, de Protecci\u00f3 de Dades Personals i garantia dels drets digitals, nom\u00e9s els majors de 14 anys podran atorgar el seu consentiment per al tractament de les seves dades personals de forma l\u00edcita per Cotca SA. Si es tracta d&#8217;un menor de 14 anys, ser\u00e0 necessari el consentiment dels pares o tutors per al tractament, i aquest sol es considerar\u00e0 l\u00edcit en la mesura en qu\u00e8 els mateixos ho hagin autoritzat .<\/p>\r\n<p><strong>Secret i seguretat de les dades personals<\/strong><\/p>\r\n<p>Cotca S.A. es compromet a adoptar les mesures t\u00e8cniques i organitzatives necess\u00e0ries, segons el nivell de seguretat adequat al risc de les dades recollides, de manera que es garanteixi la seguretat de les dades de car\u00e0cter personal i s&#8217;eviti la destrucci\u00f3, p\u00e8rdua o alteraci\u00f3 accidental o il\u00b7l\u00edcita d&#8217; dades personals transmeses, conservats o tractats d&#8217;una altra manera, o la comunicaci\u00f3 o acc\u00e9s no autoritzats a les esmentades dades.<br \/>No obstant aix\u00f2, pel fet que Cotca S.A. no pot garantir la inexpugnabilitat de internet ni l&#8217;abs\u00e8ncia total de hackers o d&#8217;altres que accedeixin de manera fraudulenta a les dades personals, el responsable del tractament es compromet a comunicar a l&#8217;usuari sense dilaci\u00f3 indeguda quan passi una violaci\u00f3 de la seguretat de les dades personals que sigui probable que comporti un alt risc per als drets i llibertats de les persones f\u00edsiques. Seguint el que estableix l&#8217;article 4 de l&#8217;RGPD, s&#8217;ent\u00e9n per violaci\u00f3 de la seguretat de les dades personals tota violaci\u00f3 de la seguretat que ocasioni la destrucci\u00f3, p\u00e8rdua o alteraci\u00f3 accidental o il\u00b7l\u00edcita de dades personals transmeses, conservats o tractats d&#8217;una altra manera, o la comunicaci\u00f3 o acc\u00e9s no autoritzats a les esmentades dades.<br \/>Les dades personals seran tractades com a confidencials pel responsable del tractament, qui es compromet a informar de ia garantir per mitj\u00e0 d&#8217;una obligaci\u00f3 legal o contractual que aquesta confidencialitat sigui respectada pels seus empleats, associats, i tota persona a la qual li faci accessible la informaci\u00f3.<\/p>\r\n<p><strong>Drets derivats del tractament de les dades personals<\/strong><\/p>\r\n<p>L&#8217;usuari t\u00e9 sobre Cotca S.A. i podr\u00e0, per tant, exercir davant el responsable del tractament dels seg\u00fcents drets reconeguts en el RGPD i en la Llei Org\u00e0nica 3\/2018, de 5 de desembre, de Protecci\u00f3 de Dades Personals i garantia dels drets digitals:<\/p>\r\n<ul>\r\n<li>Dret d&#8217;acc\u00e9s: \u00e9s el dret de l&#8217;usuari a obtenir confirmaci\u00f3 de si Cotca S.A. est\u00e0 tractant o no les seves dades personals i, en cas afirmatiu, obtenir informaci\u00f3 sobre les seves dades concretes de car\u00e0cter personal i de el tractament que Cotca S.A. hagi realitzat o realitzi, aix\u00ed com, entre una altra, de la informaci\u00f3 disponible sobre l&#8217;origen d&#8217;aquestes dades i dels destinataris de les comunicacions realitzades o previstes dels mateixos.<\/li>\r\n<li>Dret de rectificaci\u00f3: \u00e9s el dret de l&#8217;usuari a qu\u00e8 es modifiquin les seves dades personals que siguin inexactes o, tenint en compte els caps de el tractament, incomplets.<\/li>\r\n<li>Dret de supressi\u00f3: \u00e9s el dret de l&#8217;usuari, sempre que la legislaci\u00f3 vigent no estableixi el contrari, a obtenir la supressi\u00f3 de les seves dades personals quan aquests ja no siguin necessaris per als fins per als quals van ser recollides o tractades; l&#8217;usuari hagi retirat el seu consentiment a l&#8217;tractament i aquest no compti amb una altra base legal; l&#8217;usuari s&#8217;oposi al tractament i no hi hagi un altre motiu leg\u00edtim per continuar amb el mateix; les dades personals hagin estat tractats il\u00b7l\u00edcitament; les dades personals hagin de suprimir-se en compliment d&#8217;una obligaci\u00f3 legal; o les dades personals hagin estat obtinguts producte d&#8217;una oferta directa de serveis de la societat de la informaci\u00f3 a un menor de 14 anys. A m\u00e9s de suprimir les dades, el responsable deltractament, tenint en compte la tecnologia disponible i el cost de la seva aplicaci\u00f3, ha d&#8217;adoptar mesures raonables per informar els responsables que estiguin tractant les dades personals de la sol\u00b7licitud d&#8217;l&#8217;interessat de supressi\u00f3 de qualsevol enlla\u00e7 a aquestes dades personals.<\/li>\r\n<li>Dret a la limitaci\u00f3 del tractament: \u00e9s el dret de l&#8217;usuari a limitar el tractament de les seves dades personals. L&#8217;usuari t\u00e9 dret a obtenir la limitaci\u00f3 del tractament quan impugni l&#8217;exactitud de les seves dades personals; el tractament sigui il\u00b7l\u00edcit; el responsable del tractament ja no necessiti les dades personals, per\u00f2 l&#8217;usuari ho necessiti per fer reclamacions; i quan l&#8217;Usuari s&#8217;hagi oposat al tractament.<\/li>\r\n<li>Dret a la portabilitat de les dades: en cas que el tractament s&#8217;efectu\u00ef per mitjans automatitzats, l&#8217;usuari tindr\u00e0 dret a rebre del responsable del tractament les seves dades personals en un format estructurat, d&#8217;\u00fas com\u00fa i lectura mec\u00e0nica, ja transmetre&#8217;ls a un altre responsable del tractament. Sempre que sigui t\u00e8cnicament possible, el responsable del tractament transmetr\u00e0 directament les dades a aquest altre responsable.<\/li>\r\n<li>Dret d&#8217;oposici\u00f3: \u00e9s el dret de l&#8217;usuari a que no es dugui a terme el tractament de les seves dades de car\u00e0cter personal o se cessi el tractament dels mateixos per part de Cotca S.A ..<\/li>\r\n<li>Dret a no ser a no ser objecte d&#8217;una decisi\u00f3 basada \u00fanicament en el tractament automatitzat, inclosa l&#8217;elaboraci\u00f3 de perfils: \u00e9s el dret de l&#8217;usuari a no ser objecte d&#8217;una decisi\u00f3 individualitzada basada \u00fanicament en el tractament automatitzat de les seves dades personals, inclosa l&#8217;elaboraci\u00f3 de perfils, existent llevat que la legislaci\u00f3 vigent estableixi el contrari.<\/li>\r\n<\/ul>\r\n<p>Aix\u00ed doncs, l&#8217;usuari podr\u00e0 exercitar els seus drets mitjan\u00e7ant comunicaci\u00f3 escrita dirigida al responsable del tractament amb la refer\u00e8ncia &#8220;RGPD-Cotca S.A.&#8221;, especificant:<\/p>\r\n<ul>\r\n<li>Nom, cognoms de l&#8217;usuari i c\u00f2pia del DNI. En els casos en qu\u00e8 s&#8217;admeti la representaci\u00f3, ser\u00e0 tamb\u00e9 necess\u00e0ria la identificaci\u00f3 pel mateix mitj\u00e0 de la persona que representa l&#8217;usuari, aix\u00ed com el document acreditatiu de la representaci\u00f3. La fotoc\u00f2pia del DNI podr\u00e0 ser substitu\u00efda, per qualsevol altre mitj\u00e0 v\u00e0lid en dret que acrediti la identitat.<\/li>\r\n<li>Petici\u00f3 amb els motius espec\u00edfics de la sol\u00b7licitud o informaci\u00f3 a la qual es vol accedir.<\/li>\r\n<li>Domicili a efecte de notificacions.<\/li>\r\n<li>Data i signatura de la persona sol\u00b7licitant.<\/li>\r\n<li>Tot document que acrediti la petici\u00f3 que formula.<\/li>\r\n<\/ul>\r\n<p>Aquesta sol\u00b7licitud i tot altre document adjunt podr\u00e0 enviar-se a la seg\u00fcent direcci\u00f3 i \/ o correu electr\u00f2nic:<\/p>\r\n<p>Adre\u00e7a postal: Balmes 200, 5\u00e8 2a<br \/>08006 Barcelona<br \/>Espanya<br \/>Tel\u00e8fon de contacte: 93 218 71 46<br \/>Correu electr\u00f2nic: info@cotca.com<\/p>\r\n<p><strong>Enlla\u00e7os a llocs web de tercers<\/strong><\/p>\r\n<p>El lloc web pot incloure enlla\u00e7os o enlla\u00e7os que permeten accedir a p\u00e0gines web de tercers diferents de Cotca SA, i que per tant no s\u00f3n operats per Cotca SA. Els titulars d&#8217;aquests llocs web de disposar de les seves pr\u00f2pies pol\u00edtiques de protecci\u00f3 de dades, sent ells mateixos, en cada cas, responsables dels seus propis fitxers i de les seves pr\u00f2pies pr\u00e0ctiques de privacitat.<\/p>\r\n<p><strong>Reclamacions davant l&#8217;autoritat de control<\/strong><\/p>\r\n<p>En cas que l&#8217;usuari consideri que existeix un problema o infracci\u00f3 de la normativa vigent en la forma en qu\u00e8 s&#8217;estan tractant les seves dades personals, t\u00e9 dret a la tutela judicial efectiva ia presentar una reclamaci\u00f3 davant d&#8217;una autoritat de control, en particular, a l&#8217;Estat en el qual tingui la seva resid\u00e8ncia habitual, lloc de treball o lloc de la suposada infracci\u00f3. En el cas d&#8217;Espanya, l&#8217;autoritat de control \u00e9s l&#8217;Ag\u00e8ncia Espanyola de Protecci\u00f3 de Dades (http:\/\/www.agpd.es).<\/p>\r\n<p><strong>Acceptaci\u00f3 i canvis en aquesta pol\u00edtica de privacitat<\/strong><\/p>\r\n<p>Cal que l&#8217;usuari hagi llegit i estigui d&#8217;acord amb les condicions sobre la protecci\u00f3 de dades de car\u00e0cter personal contingudes en aquesta pol\u00edtica de privacitat, aix\u00ed com que accepti el tractament de les seves dades personals perqu\u00e8 el responsable del tractament pugui procedir a la mateixa a la Aix\u00ed, durant els terminis i per a les finalitats indicades. L&#8217;\u00fas del lloc web implica l&#8217;acceptaci\u00f3 de la Pol\u00edtica de Privacitat.<br \/>Cotca S.A. es reserva el dret a modificar la seva Pol\u00edtica de Privadesa, d&#8217;acord al seu propi criteri, o motivat per un canvi legislatiu, jurisprudencial o doctrinal de l&#8217;Ag\u00e8ncia Espanyola de Protecci\u00f3 de Dades. Els canvis o actualitzacions d&#8217;aquesta Pol\u00edtica de Privacitat seran notificats de forma expl\u00edcita a l&#8217;usuari.<br \/>Aquesta pol\u00edtica de privacitat va ser actualitzada el dia 25 d&#8217;octubre per adaptar-se al Reglament (UE) 2016\/679 de el Parlament Europeu i de Consell, de 27 d&#8217;abril de 2016, relatiu a la protecci\u00f3 de les persones f\u00edsiques pel que fa al tractament de dades personals i a la lliure circulaci\u00f3 d&#8217;aquestes dades (RGPD) ia la Llei Org\u00e0nica 3\/2018, de 5 de desembre, de Protecci\u00f3 de dades personals i garantia dels drets digitals.<\/p>\r\n<p>&nbsp;<\/p>\r\n<p>[\/vc_column_text][\/vc_column][\/vc_row]<\/p>","protected":false},"excerpt":{"rendered":"<p>[vc_row][vc_column][vc_column_text uncode_shortcode_id=&#8221;696393&#8243;] POL\u00cdTICA DE PRIVACITAT DEL LLOC WEB Respectant el que estableix la legislaci\u00f3 vigent, Cotca S.A. (En endavant, lloc [&hellip;]<\/p>\n","protected":false},"author":1,"featured_media":0,"parent":0,"menu_order":0,"comment_status":"closed","ping_status":"closed","template":"","meta":{"footnotes":""},"class_list":["post-80169","page","type-page","status-publish","hentry"],"yoast_head":"<!-- This site is optimized with the Yoast SEO plugin v27.2 - https:\/\/yoast.com\/product\/yoast-seo-wordpress\/ -->\n<title>Pol\u00edtica de privacitat - Cotca<\/title>\n<meta name=\"robots\" content=\"index, follow, max-snippet:-1, max-image-preview:large, max-video-preview:-1\" \/>\n<link rel=\"canonical\" href=\"https:\/\/cotca.com\/politica-de-privacidad\/\" \/>\n<meta property=\"og:locale\" content=\"ca_ES\" \/>\n<meta property=\"og:type\" content=\"article\" \/>\n<meta property=\"og:title\" content=\"Pol\u00edtica de privacitat - Cotca\" \/>\n<meta property=\"og:description\" content=\"[vc_row][vc_column][vc_column_text uncode_shortcode_id=&#8221;696393&#8243;] POL\u00cdTICA DE PRIVACITAT DEL LLOC WEB Respectant el que estableix la legislaci\u00f3 vigent, Cotca S.A. (En endavant, lloc [&hellip;]\" \/>\n<meta property=\"og:url\" content=\"https:\/\/cotca.com\/politica-de-privacidad\/\" \/>\n<meta property=\"og:site_name\" content=\"Cotca\" \/>\n<meta property=\"article:modified_time\" content=\"2021-10-26T10:56:00+00:00\" \/>\n<meta name=\"twitter:card\" content=\"summary_large_image\" \/>\n<meta name=\"twitter:label1\" content=\"Temps estimat de lectura\" \/>\n\t<meta name=\"twitter:data1\" content=\"11 minuts\" \/>\n<script type=\"application\/ld+json\" class=\"yoast-schema-graph\">{\"@context\":\"https:\/\/schema.org\",\"@graph\":[{\"@type\":\"WebPage\",\"@id\":\"https:\/\/cotca.com\/politica-de-privacidad\/\",\"url\":\"https:\/\/cotca.com\/politica-de-privacidad\/\",\"name\":\"Pol\u00edtica de privacitat - Cotca\",\"isPartOf\":{\"@id\":\"https:\/\/cotca.com\/#website\"},\"datePublished\":\"2020-03-24T08:46:17+00:00\",\"dateModified\":\"2021-10-26T10:56:00+00:00\",\"breadcrumb\":{\"@id\":\"https:\/\/cotca.com\/politica-de-privacidad\/#breadcrumb\"},\"inLanguage\":\"ca\",\"potentialAction\":[{\"@type\":\"ReadAction\",\"target\":[\"https:\/\/cotca.com\/politica-de-privacidad\/\"]}]},{\"@type\":\"BreadcrumbList\",\"@id\":\"https:\/\/cotca.com\/politica-de-privacidad\/#breadcrumb\",\"itemListElement\":[{\"@type\":\"ListItem\",\"position\":1,\"name\":\"Portada\",\"item\":\"https:\/\/cotca.com\/\"},{\"@type\":\"ListItem\",\"position\":2,\"name\":\"Pol\u00edtica de privacitat\"}]},{\"@type\":\"WebSite\",\"@id\":\"https:\/\/cotca.com\/#website\",\"url\":\"https:\/\/cotca.com\/\",\"name\":\"Cotca\",\"description\":\"Asist&eacute;ncia T&eacute;cnica, Patolog&iacute;a y control de calidad\",\"publisher\":{\"@id\":\"https:\/\/cotca.com\/#organization\"},\"potentialAction\":[{\"@type\":\"SearchAction\",\"target\":{\"@type\":\"EntryPoint\",\"urlTemplate\":\"https:\/\/cotca.com\/?s={search_term_string}\"},\"query-input\":{\"@type\":\"PropertyValueSpecification\",\"valueRequired\":true,\"valueName\":\"search_term_string\"}}],\"inLanguage\":\"ca\"},{\"@type\":\"Organization\",\"@id\":\"https:\/\/cotca.com\/#organization\",\"name\":\"COTCA\",\"url\":\"https:\/\/cotca.com\/\",\"logo\":{\"@type\":\"ImageObject\",\"inLanguage\":\"ca\",\"@id\":\"https:\/\/cotca.com\/#\/schema\/logo\/image\/\",\"url\":\"https:\/\/cotca.com\/wp-content\/uploads\/2020\/02\/cotca-logo-2020.svg\",\"contentUrl\":\"https:\/\/cotca.com\/wp-content\/uploads\/2020\/02\/cotca-logo-2020.svg\",\"width\":\"150\",\"height\":\"1\",\"caption\":\"COTCA\"},\"image\":{\"@id\":\"https:\/\/cotca.com\/#\/schema\/logo\/image\/\"}}]}<\/script>\n<!-- \/ Yoast SEO plugin. -->","yoast_head_json":{"title":"Pol\u00edtica de privacitat - Cotca","robots":{"index":"index","follow":"follow","max-snippet":"max-snippet:-1","max-image-preview":"max-image-preview:large","max-video-preview":"max-video-preview:-1"},"canonical":"https:\/\/cotca.com\/politica-de-privacidad\/","og_locale":"ca_ES","og_type":"article","og_title":"Pol\u00edtica de privacitat - Cotca","og_description":"[vc_row][vc_column][vc_column_text uncode_shortcode_id=&#8221;696393&#8243;] POL\u00cdTICA DE PRIVACITAT DEL LLOC WEB Respectant el que estableix la legislaci\u00f3 vigent, Cotca S.A. (En endavant, lloc [&hellip;]","og_url":"https:\/\/cotca.com\/politica-de-privacidad\/","og_site_name":"Cotca","article_modified_time":"2021-10-26T10:56:00+00:00","twitter_card":"summary_large_image","twitter_misc":{"Temps estimat de lectura":"11 minuts"},"schema":{"@context":"https:\/\/schema.org","@graph":[{"@type":"WebPage","@id":"https:\/\/cotca.com\/politica-de-privacidad\/","url":"https:\/\/cotca.com\/politica-de-privacidad\/","name":"Pol\u00edtica de privacitat - Cotca","isPartOf":{"@id":"https:\/\/cotca.com\/#website"},"datePublished":"2020-03-24T08:46:17+00:00","dateModified":"2021-10-26T10:56:00+00:00","breadcrumb":{"@id":"https:\/\/cotca.com\/politica-de-privacidad\/#breadcrumb"},"inLanguage":"ca","potentialAction":[{"@type":"ReadAction","target":["https:\/\/cotca.com\/politica-de-privacidad\/"]}]},{"@type":"BreadcrumbList","@id":"https:\/\/cotca.com\/politica-de-privacidad\/#breadcrumb","itemListElement":[{"@type":"ListItem","position":1,"name":"Portada","item":"https:\/\/cotca.com\/"},{"@type":"ListItem","position":2,"name":"Pol\u00edtica de privacitat"}]},{"@type":"WebSite","@id":"https:\/\/cotca.com\/#website","url":"https:\/\/cotca.com\/","name":"Cotca","description":"Asist&eacute;ncia T&eacute;cnica, Patolog&iacute;a y control de calidad","publisher":{"@id":"https:\/\/cotca.com\/#organization"},"potentialAction":[{"@type":"SearchAction","target":{"@type":"EntryPoint","urlTemplate":"https:\/\/cotca.com\/?s={search_term_string}"},"query-input":{"@type":"PropertyValueSpecification","valueRequired":true,"valueName":"search_term_string"}}],"inLanguage":"ca"},{"@type":"Organization","@id":"https:\/\/cotca.com\/#organization","name":"COTCA","url":"https:\/\/cotca.com\/","logo":{"@type":"ImageObject","inLanguage":"ca","@id":"https:\/\/cotca.com\/#\/schema\/logo\/image\/","url":"https:\/\/cotca.com\/wp-content\/uploads\/2020\/02\/cotca-logo-2020.svg","contentUrl":"https:\/\/cotca.com\/wp-content\/uploads\/2020\/02\/cotca-logo-2020.svg","width":"150","height":"1","caption":"COTCA"},"image":{"@id":"https:\/\/cotca.com\/#\/schema\/logo\/image\/"}}]}},"_links":{"self":[{"href":"https:\/\/cotca.com\/ca\/wp-json\/wp\/v2\/pages\/80169","targetHints":{"allow":["GET"]}}],"collection":[{"href":"https:\/\/cotca.com\/ca\/wp-json\/wp\/v2\/pages"}],"about":[{"href":"https:\/\/cotca.com\/ca\/wp-json\/wp\/v2\/types\/page"}],"author":[{"embeddable":true,"href":"https:\/\/cotca.com\/ca\/wp-json\/wp\/v2\/users\/1"}],"replies":[{"embeddable":true,"href":"https:\/\/cotca.com\/ca\/wp-json\/wp\/v2\/comments?post=80169"}],"version-history":[{"count":8,"href":"https:\/\/cotca.com\/ca\/wp-json\/wp\/v2\/pages\/80169\/revisions"}],"predecessor-version":[{"id":80802,"href":"https:\/\/cotca.com\/ca\/wp-json\/wp\/v2\/pages\/80169\/revisions\/80802"}],"wp:attachment":[{"href":"https:\/\/cotca.com\/ca\/wp-json\/wp\/v2\/media?parent=80169"}],"curies":[{"name":"wp","href":"https:\/\/api.w.org\/{rel}","templated":true}]}}