{"id":80780,"date":"2021-10-25T08:28:10","date_gmt":"2021-10-25T08:28:10","guid":{"rendered":"https:\/\/cotca.com\/?page_id=80780"},"modified":"2021-10-26T05:22:19","modified_gmt":"2021-10-26T05:22:19","slug":"avis-legal","status":"publish","type":"page","link":"https:\/\/cotca.com\/ca\/avis-legal\/","title":{"rendered":"Av\u00eds Legal"},"content":{"rendered":"[vc_row][vc_column][vc_column_text uncode_shortcode_id=&#8221;165978&#8243;]\r\n\r\n<h3 class=\"wp-block-heading\"><strong>AV\u00cdS LEGAL DEL LLOC WEB<\/strong><\/h3>\r\n<p>En compliment amb el deure d&#8217;informaci\u00f3 que disposa la Llei 34\/2002 de Serveis de la Societat de la Informaci\u00f3 i el Comer\u00e7 Electr\u00f2nic (LSSI-CE) de 11 de juliol, es faciliten a continuaci\u00f3 les seg\u00fcents dades d&#8217;informaci\u00f3 general d&#8217;aquest lloc web :<\/p>\r\n<p>La titularitat d&#8217;aquest lloc web, Cotca SA, (en endavant, lloc web) l&#8217;ostenta: Cotca SA, amb NIF \/ CIF: A08574816, inscrita al Registre Mercantil Tom 3958 Llibre 3302 Secci\u00f3 2a Foli 134 Full 4228 Inscripci\u00f3 1a 15 octubre de 1979, i els dades de contacte s\u00f3n:<\/p>\r\n<p>Direcci\u00f3: Direcci\u00f3: Balmes 200, 5\u00e8 2a<\/p>\r\n<p>08006 Barcelona<\/p>\r\n<p>Espanya<\/p>\r\n<p>Tel\u00e8fon de contacte: 93 218 71 36<\/p>\r\n<p>E-mail de contacte: info@cotca.com<\/p>\r\n<p><strong>Usuaris<\/strong><\/p>\r\n<p>L&#8217;acc\u00e9s, la navegaci\u00f3 i \u00fas de la p\u00e0gina web, aix\u00ed com pels espais habilitats per interactuar entre l&#8217;usuari i Cotca SA, com els comentaris i \/ o espais de blogging, confereix la condici\u00f3 d&#8217;usuari, per la que s&#8217;accepten, des que s&#8217;inicia la navegaci\u00f3 pel lloc web, totes les condicions aqu\u00ed establertes, aix\u00ed com les seves ulteriors modificacions, sense perjudici de l&#8217;aplicaci\u00f3 de la corresponent normativa legal d&#8217;obligat compliment segons el cas. Donada la rellev\u00e0ncia de l&#8217;anterior, es recomana a l&#8217;usuari llegir-les cada vegada que visiti el lloc web.<\/p>\r\n<p>El lloc web de COTCA S.A. proporciona gran diversitat d&#8217;informaci\u00f3, serveis i dades. L&#8217;usuari assumeix la seva responsabilitat per fer un \u00fas correcte del lloc web. Aquesta responsabilitat s&#8217;estendr\u00e0 a:<\/p>\r\n<ul>\r\n<li>Un \u00fas de la informaci\u00f3, continguts i \/ o serveis i dades ofertes per COTCA S.A. sense que sigui contrari al que disposa per les presents condicions, la llei, la moral o l&#8217;ordre p\u00fablic, o que de qualsevol altre forma pugui suposar lesi\u00f3 dels drets de tercers o de la mateixa funcionament del lloc web.<\/li>\r\n<li>La veracitat i licitud de les informacions aportades per l&#8217;usuari en els formularis facilitats per COTCA S.A. per a l&#8217;acc\u00e9s a determinats continguts o serveis oferts pel lloc web. En tot cas, l&#8217;usuari ha de notificar de forma immediata a Cotca S.A. sobre qualsevol fet que permeti l&#8217;\u00fas indegut de la informaci\u00f3 registrada en aquests formularis, com ara, per\u00f2 no nom\u00e9s, el robatori, p\u00e8rdua, o l&#8217;acc\u00e9s no autoritzat a identificadors i \/ o contrasenyes, per tal de procedir a la seva immediata cancel\u00b7laci\u00f3 .<\/li>\r\n<\/ul>\r\n<p>COTCA S.A. es reserva el dret de retirar tots aquells comentaris i aportacions que vulnerin la llei, el respecte a la dignitat de la persona, que siguin discriminatoris, xen\u00f2fobs, racistes, pornogr\u00e0fics, spamming, que atemptin contra la joventut o la inf\u00e0ncia, l&#8217;ordre o la seguretat p\u00fablica o que, al seu parer, no resultessin adequats per a la seva publicaci\u00f3.<\/p>\r\n<p>En qualsevol cas, COTCA S.A. no ser\u00e0 responsable de les opinions abocades pels usuaris a trav\u00e9s de comentaris o altres eines de blogging o de participaci\u00f3 que hi pugui haver.<\/p>\r\n<p>El simple acc\u00e9s a aquest lloc web no suposa establir cap tipus de relaci\u00f3 de car\u00e0cter comercial entre COTCA S.A. i l&#8217;usuari.<\/p>\r\n<p>L&#8217;usuari declara ser major d&#8217;edat i disposar de la capacitat jur\u00eddica suficient per vincular-se per les presents condicions. Per tant, aquest lloc web no es dirigeix \u200b\u200ba menors d&#8217;edat. COTCA S.A. declina qualsevol responsabilitat per l&#8217;incompliment d&#8217;aquest requisit.<\/p>\r\n<p>Exclusi\u00f3 de garanties i responsabilitat<\/p>\r\n<p>COTCA S.A.no garanteix la continu\u00eftat, disponibilitat i utilitat de la p\u00e0gina web, ni dels continguts o serveis. COTCA S.A. far\u00e0 tot el possible pel bon funcionament de la p\u00e0gina web, per\u00f2, no es responsabilitza ni garanteix que l&#8217;acc\u00e9s a aquest lloc web no fos cas ininterromput o que estigui lliure d&#8217;error.<\/p>\r\n<p>Tampoc es responsabilitza o garanteix que el contingut o programari a qu\u00e8 pugui accedir-se a trav\u00e9s d&#8217;aquest lloc web, estigui lliure d&#8217;error o causi un dany al sistema inform\u00e0tic (programari i maquinari) de l&#8217;usuari. En cap cas COTCA S.A. ser\u00e0 responsable per les p\u00e8rdues, danys o perjudicis de qualsevol tipus que sorgeixin per l&#8217;acc\u00e9s, navegaci\u00f3 i l&#8217;\u00fas de la p\u00e0gina web, incloent-se, per\u00f2 no limitant-se, als ocasionats als sistemes inform\u00e0tics o els provocats per la introducci\u00f3 de virus.<\/p>\r\n<p>COTCA S.A. tampoc es fa responsable dels danys que poguessin ocasionar-se als usuaris per un \u00fas inadequat d&#8217;aquest lloc web. En particular, no es fa responsable de cap manera de les caigudes, interrupcions, falta o defecte de les telecomunicacions que poguessin oc\u00f3rrer.<\/p>\r\n<p><strong>Enlla\u00e7os<\/strong><\/p>\r\n<p>En el cas que en cotca.com es disposessin enlla\u00e7os o hipervincles cap a altres llocs d&#8217;Internet, COTCA S.A. no exercir\u00e0 cap tipus de control sobre aquests llocs i continguts. En cap cas Cotca SA, assumir\u00e0 responsabilitat alguna pels continguts d&#8217;algun enlla\u00e7 pertanyent a un lloc web ali\u00e8, ni garantir\u00e0 la disponibilitat t\u00e8cnica, qualitat, fiabilitat, exactitud, amplitud, veracitat, validesa i constitucionalitat de qualsevol material o informaci\u00f3 continguda en cap d&#8217; aquests hipervincles o altres llocs d&#8217;Internet. Igualment, la inclusi\u00f3 d&#8217;aquestes connexions externes no implicar\u00e0 cap tipus d&#8217;associaci\u00f3, fusi\u00f3 o participaci\u00f3 amb les entitats connectades.<\/p>\r\n<p><strong>Propietat intel\u00b7lectual i industrial<\/strong><\/p>\r\n<p>COTCA S.A. per si o com a part cession\u00e0ria, \u00e9s titular de tots els drets de propietat intel\u00b7lectual i industrial de la p\u00e0gina web, aix\u00ed com dels elements continguts en el mateix (a t\u00edtol enunciatiu i no exhaustiu, imatges, so, \u00e0udio, v\u00eddeo, programari o textos , marques o logotips, combinacions de colors, estructura i disseny, selecci\u00f3 de materials usats, programes d&#8217;ordinador necessaris per al seu funcionament, acc\u00e9s i \u00fas, etc.). Seran, per tant, obres protegides com a propietat intel\u00b7lectual per l&#8217;ordenament jur\u00eddic espanyol, ser\u00e0 d&#8217;aplicaci\u00f3 tant la normativa espanyola i comunit\u00e0ria en aquest camp, com els tractats internacionals relatius a la mat\u00e8ria i subscrits per Espanya.<\/p>\r\n<p>Tots els drets reservats. En virtut del que disposa la Llei de Propietat Intel\u00b7lectual, queden expressament prohibides la reproducci\u00f3, la distribuci\u00f3 i la comunicaci\u00f3 p\u00fablica, inclosa la seva modalitat de posada a disposici\u00f3, de la totalitat o part dels continguts d&#8217;aquesta p\u00e0gina web, amb fins comercials, en qualsevol suport i per qualsevol mitj\u00e0 t\u00e8cnic, sense l&#8217;autoritzaci\u00f3 de Cotca SA.<\/p>\r\n<p>L&#8217;usuari es compromet a respectar els drets de propietat intel\u00b7lectual i industrial de Cotca SA. Podr\u00e0 visualitzar els elements de la p\u00e0gina web o fins i tot imprimir-los, copiar-los i emmagatzemar-los al disc dur del seu ordinador o en qualsevol altre suport f\u00edsic sempre que sigui, exclusivament , per al seu \u00fas personal. L&#8217;usuari, per\u00f2, no podr\u00e0 suprimir, alterar, o manipular qualsevol dispositiu de protecci\u00f3 o sistema de seguretat que estigu\u00e9s instal\u00b7lat al lloc web.<\/p>\r\n<p>En cas que l&#8217;usuari o tercer consideri que qualsevol dels continguts del lloc web suposi una violaci\u00f3 dels drets de protecci\u00f3 de la propietat intel\u00b7lectual, haur\u00e0 de comunicar immediatament a COTCA S.A. a trav\u00e9s de les dades de contacte esmentats anteriorment.<br \/>Modificaci\u00f3 de les presents condicions.<\/p>\r\n<p>COTCA S.A. podr\u00e0 modificar en qualsevol moment les condicions aqu\u00ed determinades, sent degudament publicades com aqu\u00ed apareixen. La vig\u00e8ncia de les citades condicions anir\u00e0 en funci\u00f3 de la seva exposici\u00f3 i estaran vigents fins que siguin modificades per altres degudament publicades.<\/p>\r\n<p><strong>Legislaci\u00f3 aplicable<\/strong><\/p>\r\n<p>COTCA S.A. es reserva la facultat de presentar les accions civils o penals que consideri necess\u00e0ries per a la utilitzaci\u00f3 indeguda de la web i continguts, o per l&#8217;incompliment de les presents condicions.<br \/>La relaci\u00f3 entre l&#8217;usuari i COTCA S.A. es regir\u00e0 per la normativa vigent i d&#8217;aplicaci\u00f3 en el territori espanyol. De sorgir qualsevol controv\u00e8rsia en relaci\u00f3 amb la interpretaci\u00f3 i \/ o a l&#8217;aplicaci\u00f3 d&#8217;aquestes condicions les parts sotmetran els seus conflictes a la jurisdicci\u00f3 ordin\u00e0ria sotmetent-se als jutges i tribunals que corresponguin conforme a dret.<\/p>\r\n<p>[\/vc_column_text][\/vc_column][\/vc_row]<\/p>","protected":false},"excerpt":{"rendered":"<p>[vc_row][vc_column][vc_column_text uncode_shortcode_id=&#8221;165978&#8243;] AV\u00cdS LEGAL DEL LLOC WEB En compliment amb el deure d&#8217;informaci\u00f3 que disposa la Llei 34\/2002 de Serveis [&hellip;]<\/p>\n","protected":false},"author":1,"featured_media":0,"parent":0,"menu_order":0,"comment_status":"closed","ping_status":"closed","template":"","meta":{"footnotes":""},"class_list":["post-80780","page","type-page","status-publish","hentry"],"yoast_head":"<!-- This site is optimized with the Yoast SEO plugin v27.2 - https:\/\/yoast.com\/product\/yoast-seo-wordpress\/ -->\n<title>Av\u00eds Legal - Cotca<\/title>\n<meta name=\"robots\" content=\"index, follow, max-snippet:-1, max-image-preview:large, max-video-preview:-1\" \/>\n<link rel=\"canonical\" href=\"https:\/\/cotca.com\/aviso-legal\/\" \/>\n<meta property=\"og:locale\" content=\"ca_ES\" \/>\n<meta property=\"og:type\" content=\"article\" \/>\n<meta property=\"og:title\" content=\"Av\u00eds Legal - Cotca\" \/>\n<meta property=\"og:description\" content=\"[vc_row][vc_column][vc_column_text uncode_shortcode_id=&#8221;165978&#8243;] AV\u00cdS LEGAL DEL LLOC WEB En compliment amb el deure d&#8217;informaci\u00f3 que disposa la Llei 34\/2002 de Serveis [&hellip;]\" \/>\n<meta property=\"og:url\" content=\"https:\/\/cotca.com\/aviso-legal\/\" \/>\n<meta property=\"og:site_name\" content=\"Cotca\" \/>\n<meta property=\"article:modified_time\" content=\"2021-10-26T05:22:19+00:00\" \/>\n<meta name=\"twitter:card\" content=\"summary_large_image\" \/>\n<meta name=\"twitter:label1\" content=\"Temps estimat de lectura\" \/>\n\t<meta name=\"twitter:data1\" content=\"6 minuts\" \/>\n<script type=\"application\/ld+json\" class=\"yoast-schema-graph\">{\"@context\":\"https:\/\/schema.org\",\"@graph\":[{\"@type\":\"WebPage\",\"@id\":\"https:\/\/cotca.com\/aviso-legal\/\",\"url\":\"https:\/\/cotca.com\/aviso-legal\/\",\"name\":\"Av\u00eds Legal - Cotca\",\"isPartOf\":{\"@id\":\"https:\/\/cotca.com\/#website\"},\"datePublished\":\"2021-10-25T08:28:10+00:00\",\"dateModified\":\"2021-10-26T05:22:19+00:00\",\"breadcrumb\":{\"@id\":\"https:\/\/cotca.com\/aviso-legal\/#breadcrumb\"},\"inLanguage\":\"ca\",\"potentialAction\":[{\"@type\":\"ReadAction\",\"target\":[\"https:\/\/cotca.com\/aviso-legal\/\"]}]},{\"@type\":\"BreadcrumbList\",\"@id\":\"https:\/\/cotca.com\/aviso-legal\/#breadcrumb\",\"itemListElement\":[{\"@type\":\"ListItem\",\"position\":1,\"name\":\"Portada\",\"item\":\"https:\/\/cotca.com\/\"},{\"@type\":\"ListItem\",\"position\":2,\"name\":\"Av\u00eds Legal\"}]},{\"@type\":\"WebSite\",\"@id\":\"https:\/\/cotca.com\/#website\",\"url\":\"https:\/\/cotca.com\/\",\"name\":\"Cotca\",\"description\":\"Asist&eacute;ncia T&eacute;cnica, Patolog&iacute;a y control de calidad\",\"publisher\":{\"@id\":\"https:\/\/cotca.com\/#organization\"},\"potentialAction\":[{\"@type\":\"SearchAction\",\"target\":{\"@type\":\"EntryPoint\",\"urlTemplate\":\"https:\/\/cotca.com\/?s={search_term_string}\"},\"query-input\":{\"@type\":\"PropertyValueSpecification\",\"valueRequired\":true,\"valueName\":\"search_term_string\"}}],\"inLanguage\":\"ca\"},{\"@type\":\"Organization\",\"@id\":\"https:\/\/cotca.com\/#organization\",\"name\":\"COTCA\",\"url\":\"https:\/\/cotca.com\/\",\"logo\":{\"@type\":\"ImageObject\",\"inLanguage\":\"ca\",\"@id\":\"https:\/\/cotca.com\/#\/schema\/logo\/image\/\",\"url\":\"https:\/\/cotca.com\/wp-content\/uploads\/2020\/02\/cotca-logo-2020.svg\",\"contentUrl\":\"https:\/\/cotca.com\/wp-content\/uploads\/2020\/02\/cotca-logo-2020.svg\",\"width\":\"150\",\"height\":\"1\",\"caption\":\"COTCA\"},\"image\":{\"@id\":\"https:\/\/cotca.com\/#\/schema\/logo\/image\/\"}}]}<\/script>\n<!-- \/ Yoast SEO plugin. -->","yoast_head_json":{"title":"Av\u00eds Legal - Cotca","robots":{"index":"index","follow":"follow","max-snippet":"max-snippet:-1","max-image-preview":"max-image-preview:large","max-video-preview":"max-video-preview:-1"},"canonical":"https:\/\/cotca.com\/aviso-legal\/","og_locale":"ca_ES","og_type":"article","og_title":"Av\u00eds Legal - Cotca","og_description":"[vc_row][vc_column][vc_column_text uncode_shortcode_id=&#8221;165978&#8243;] AV\u00cdS LEGAL DEL LLOC WEB En compliment amb el deure d&#8217;informaci\u00f3 que disposa la Llei 34\/2002 de Serveis [&hellip;]","og_url":"https:\/\/cotca.com\/aviso-legal\/","og_site_name":"Cotca","article_modified_time":"2021-10-26T05:22:19+00:00","twitter_card":"summary_large_image","twitter_misc":{"Temps estimat de lectura":"6 minuts"},"schema":{"@context":"https:\/\/schema.org","@graph":[{"@type":"WebPage","@id":"https:\/\/cotca.com\/aviso-legal\/","url":"https:\/\/cotca.com\/aviso-legal\/","name":"Av\u00eds Legal - Cotca","isPartOf":{"@id":"https:\/\/cotca.com\/#website"},"datePublished":"2021-10-25T08:28:10+00:00","dateModified":"2021-10-26T05:22:19+00:00","breadcrumb":{"@id":"https:\/\/cotca.com\/aviso-legal\/#breadcrumb"},"inLanguage":"ca","potentialAction":[{"@type":"ReadAction","target":["https:\/\/cotca.com\/aviso-legal\/"]}]},{"@type":"BreadcrumbList","@id":"https:\/\/cotca.com\/aviso-legal\/#breadcrumb","itemListElement":[{"@type":"ListItem","position":1,"name":"Portada","item":"https:\/\/cotca.com\/"},{"@type":"ListItem","position":2,"name":"Av\u00eds Legal"}]},{"@type":"WebSite","@id":"https:\/\/cotca.com\/#website","url":"https:\/\/cotca.com\/","name":"Cotca","description":"Asist&eacute;ncia T&eacute;cnica, Patolog&iacute;a y control de calidad","publisher":{"@id":"https:\/\/cotca.com\/#organization"},"potentialAction":[{"@type":"SearchAction","target":{"@type":"EntryPoint","urlTemplate":"https:\/\/cotca.com\/?s={search_term_string}"},"query-input":{"@type":"PropertyValueSpecification","valueRequired":true,"valueName":"search_term_string"}}],"inLanguage":"ca"},{"@type":"Organization","@id":"https:\/\/cotca.com\/#organization","name":"COTCA","url":"https:\/\/cotca.com\/","logo":{"@type":"ImageObject","inLanguage":"ca","@id":"https:\/\/cotca.com\/#\/schema\/logo\/image\/","url":"https:\/\/cotca.com\/wp-content\/uploads\/2020\/02\/cotca-logo-2020.svg","contentUrl":"https:\/\/cotca.com\/wp-content\/uploads\/2020\/02\/cotca-logo-2020.svg","width":"150","height":"1","caption":"COTCA"},"image":{"@id":"https:\/\/cotca.com\/#\/schema\/logo\/image\/"}}]}},"_links":{"self":[{"href":"https:\/\/cotca.com\/ca\/wp-json\/wp\/v2\/pages\/80780","targetHints":{"allow":["GET"]}}],"collection":[{"href":"https:\/\/cotca.com\/ca\/wp-json\/wp\/v2\/pages"}],"about":[{"href":"https:\/\/cotca.com\/ca\/wp-json\/wp\/v2\/types\/page"}],"author":[{"embeddable":true,"href":"https:\/\/cotca.com\/ca\/wp-json\/wp\/v2\/users\/1"}],"replies":[{"embeddable":true,"href":"https:\/\/cotca.com\/ca\/wp-json\/wp\/v2\/comments?post=80780"}],"version-history":[{"count":5,"href":"https:\/\/cotca.com\/ca\/wp-json\/wp\/v2\/pages\/80780\/revisions"}],"predecessor-version":[{"id":80799,"href":"https:\/\/cotca.com\/ca\/wp-json\/wp\/v2\/pages\/80780\/revisions\/80799"}],"wp:attachment":[{"href":"https:\/\/cotca.com\/ca\/wp-json\/wp\/v2\/media?parent=80780"}],"curies":[{"name":"wp","href":"https:\/\/api.w.org\/{rel}","templated":true}]}}